{"id":1005,"date":"2017-01-06T12:42:56","date_gmt":"2017-01-06T10:42:56","guid":{"rendered":"http:\/\/www.auc.sk\/wordpress\/?page_id=1005"},"modified":"2022-11-17T14:50:55","modified_gmt":"2022-11-17T13:50:55","slug":"projekty","status":"publish","type":"page","link":"https:\/\/www.auc.sk\/index.php\/o-nas\/aktivity\/projekty\/","title":{"rendered":"Projekty"},"content":{"rendered":"<p><a href=\"http:\/\/www.auc.sk\/wordpress\/wp-content\/uploads\/2017\/01\/farsky_koncert_vyrez.jpg\" class=\"broken_link\"><img loading=\"lazy\" decoding=\"async\" class=\"alignnone size-full wp-image-1024\" src=\"http:\/\/www.auc.sk\/wordpress\/wp-content\/uploads\/2017\/01\/farsky_koncert_vyrez.jpg\" alt=\"\" width=\"960\" height=\"250\" srcset=\"https:\/\/www.auc.sk\/wordpress\/wp-content\/uploads\/2017\/01\/farsky_koncert_vyrez.jpg 960w, https:\/\/www.auc.sk\/wordpress\/wp-content\/uploads\/2017\/01\/farsky_koncert_vyrez-300x78.jpg 300w, https:\/\/www.auc.sk\/wordpress\/wp-content\/uploads\/2017\/01\/farsky_koncert_vyrez-768x200.jpg 768w\" sizes=\"(max-width: 960px) 100vw, 960px\" \/><\/a><\/p>\n<p><strong>TRVAL\u00c9<\/strong><\/p>\n<p><strong>AD UNA CORDA<\/strong>, medzin\u00e1rodn\u00fd festival chr\u00e1mov\u00fdch zborov (8 ro\u010dn\u00edkov)<br \/>\n<strong>CESTY K\u00a0SEBE<\/strong>, cyklus benefi\u010dn\u00fdch koncertov pre deti s psychick\u00fdmi poruchami (21 ro\u010dn\u00edkov)<br \/>\n<strong>ORGANISSIMO<\/strong>, cyklus benefi\u010dn\u00fdch koncertov na z\u00e1chranu historick\u00e9ho organa (9 ro\u010dn\u00edkov)<br \/>\n<strong>SLAVE MUSICA SLOVACA<\/strong>, cyklus koncertov slovenskej vok\u00e1lno-in\u0161trument\u00e1lnej sakr\u00e1lnej tvorby (6 ro\u010dn\u00edkov)<br \/>\n<strong>MUSICA PASQUA<\/strong>, cyklus koncertov s\u00a0ve\u013ekono\u010dnou tematikou (4 ro\u010dn\u00edky)<\/p>\n<hr \/>\n<p><strong>PAX CHRISTI Slovakia<\/strong>, koncertn\u00e9 cesty po Slovensku (8 ciest)<br \/>\n2013 Pax Christi Slovakia VIII. \u2013 Pezinok, Sv. Jur, Bratislava<br \/>\n2012 Pax Christi Slovakia VII. \u2013 \u017d\u00e1kovce, Dedinky, Polomka, Dek\u00fd\u0161<br \/>\n2011 Pax Christi Slovakia VI. \u2013 Marianka, Chropov, K\u00faty<br \/>\n2009 Pax Christi Slovakia V. \u2013 Orava<br \/>\n2008 Pax Christi Slovakia IV. \u2013 v\u00fdchodn\u00e9 Slovensko<br \/>\n1998 Pax Christi Slovakia III. \u2013 v\u00fdchovn\u00e9 Slovensko<br \/>\n1996 Pax Christi Slovakia II. \u2013 z\u00e1padn\u00e9 Slovensko<br \/>\n1995 Pax Christi Slovakia I. \u2013 stredn\u00e9 Slovensko<\/p>\n<p><strong>PAX CHRISTI International<\/strong>, koncertn\u00e9 cesty v\u00a0zahrani\u010d\u00ed (6 ciest)<br \/>\n2009 Pax Christi International (Taliansko)<br \/>\n2007 Pax Christi International (\u010cesk\u00e1 republika)<br \/>\n2002 Pax Christi International (Ma\u010farsko)<br \/>\n2001 Pax Christi International (Nemecko, Belgicko)<br \/>\n2000 Pax Christi International (Rak\u00fasko)<\/p>\n<hr \/>\n<p><em><strong>2012<\/strong> <\/em><br \/>\n<strong>Dohviezdny ve\u010der<\/strong> (divadlo PIKI), divadeln\u00e9 predstavenie vo v\u00e4znici<\/p>\n<p><em><strong>2009<\/strong> <\/em><br \/>\n<strong>EVEREST<\/strong> (P. Hammel) premi\u00e9ra hudobno-tane\u010dn\u00e9ho divadla pre Balet SND<br \/>\n<strong>MUSICA PASQUA<\/strong>, s\u00e9ria ve\u013ekono\u010dn\u00fdch koncertov so s\u00faborom Musica Aeterna<\/p>\n<p><em><strong>2008<\/strong> <\/em><br \/>\n<strong>Tri sm\u00fato\u010dn\u00e9 \u017ealmy<\/strong> (M. Spusta), prei\u00e9ra na BHS<br \/>\n<strong>Mar\u00edna Havranov\u00e1<\/strong> (V. Kubi\u010dka), premi\u00e9ra opery pre NR SR<\/p>\n<p><em><strong>2001<\/strong> <\/em><br \/>\n<strong>Missa Il Neonati Jesuli<\/strong> (P. P. Bajan), premi\u00e9ra om\u0161e v\u00a0\u00faprave M. Spustu<br \/>\n<strong>Missa in b<\/strong> (J. L. Bella), premi\u00e9ra<\/p>\n<p><strong>1999<\/strong><br \/>\n<strong>USA TOUR \u00b499<\/strong>, koncertn\u00e1 cesta po USA<\/p>\n<p><em><strong>1993<\/strong> <\/em><br \/>\n<em><strong>Duchovn\u00e1 akad\u00e9mia<\/strong><\/em> (Bratislava, \u0160ahy, Zlat\u00e9 Moravce, Pezinok)<\/p>\n","protected":false},"excerpt":{"rendered":"<p>TRVAL\u00c9 AD UNA CORDA, medzin\u00e1rodn\u00fd festival chr\u00e1mov\u00fdch zborov (8 ro\u010dn\u00edkov) CESTY K\u00a0SEBE, cyklus benefi\u010dn\u00fdch koncertov pre deti s psychick\u00fdmi poruchami (21 ro\u010dn\u00edkov) ORGANISSIMO, cyklus benefi\u010dn\u00fdch koncertov na z\u00e1chranu historick\u00e9ho organa <a class=\"read-more\" href=\"https:\/\/www.auc.sk\/index.php\/o-nas\/aktivity\/projekty\/\">\u010c\u00edtajte viac<\/a><\/p>\n","protected":false},"author":1,"featured_media":0,"parent":25,"menu_order":0,"comment_status":"closed","ping_status":"closed","template":"","meta":{"ngg_post_thumbnail":0,"footnotes":""},"_links":{"self":[{"href":"https:\/\/www.auc.sk\/index.php\/wp-json\/wp\/v2\/pages\/1005"}],"collection":[{"href":"https:\/\/www.auc.sk\/index.php\/wp-json\/wp\/v2\/pages"}],"about":[{"href":"https:\/\/www.auc.sk\/index.php\/wp-json\/wp\/v2\/types\/page"}],"author":[{"embeddable":true,"href":"https:\/\/www.auc.sk\/index.php\/wp-json\/wp\/v2\/users\/1"}],"replies":[{"embeddable":true,"href":"https:\/\/www.auc.sk\/index.php\/wp-json\/wp\/v2\/comments?post=1005"}],"version-history":[{"count":8,"href":"https:\/\/www.auc.sk\/index.php\/wp-json\/wp\/v2\/pages\/1005\/revisions"}],"predecessor-version":[{"id":1711,"href":"https:\/\/www.auc.sk\/index.php\/wp-json\/wp\/v2\/pages\/1005\/revisions\/1711"}],"up":[{"embeddable":true,"href":"https:\/\/www.auc.sk\/index.php\/wp-json\/wp\/v2\/pages\/25"}],"wp:attachment":[{"href":"https:\/\/www.auc.sk\/index.php\/wp-json\/wp\/v2\/media?parent=1005"}],"curies":[{"name":"wp","href":"https:\/\/api.w.org\/{rel}","templated":true}]}}