{"id":1008,"date":"2017-01-06T12:43:48","date_gmt":"2017-01-06T10:43:48","guid":{"rendered":"http:\/\/www.auc.sk\/wordpress\/?page_id=1008"},"modified":"2017-01-06T14:23:23","modified_gmt":"2017-01-06T12:23:23","slug":"diskografia","status":"publish","type":"page","link":"https:\/\/www.auc.sk\/index.php\/o-nas\/aktivity\/diskografia\/","title":{"rendered":"Diskografia, nahr\u00e1vky"},"content":{"rendered":"<p><a href=\"http:\/\/www.auc.sk\/wordpress\/wp-content\/uploads\/2017\/01\/CD_2006_vyrez.jpg\" class=\"broken_link\"><img loading=\"lazy\" decoding=\"async\" class=\"aligncenter wp-image-1027 size-full\" src=\"http:\/\/www.auc.sk\/wordpress\/wp-content\/uploads\/2017\/01\/CD_2006_vyrez.jpg\" width=\"750\" height=\"265\" srcset=\"https:\/\/www.auc.sk\/wordpress\/wp-content\/uploads\/2017\/01\/CD_2006_vyrez.jpg 750w, https:\/\/www.auc.sk\/wordpress\/wp-content\/uploads\/2017\/01\/CD_2006_vyrez-300x106.jpg 300w\" sizes=\"(max-width: 750px) 100vw, 750px\" \/><\/a><\/p>\n<table border=\"0\" width=\"627\" cellpadding=\"2\" align=\"center\">\n<tbody>\n<tr bgcolor=\"#f5f5f5\">\n<td width=\"35\"><b>2016<\/b><\/td>\n<td align=\"left\" valign=\"center\" width=\"572\" height=\"20\"><strong>Cirkevn\u00e9 kant\u00e1ty <\/strong>(J\u00e1n Levoslav Bella) \u2013 verejn\u00e1 nahr\u00e1vka SRo<\/td>\n<\/tr>\n<tr bgcolor=\"#f5f5f5\">\n<td width=\"35\"><b>2012<\/b><\/td>\n<td align=\"left\" valign=\"center\" width=\"572\" height=\"20\"><strong>Missa pastoralis in F&nbsp;<\/strong>(Ign\u00e1c Linek)&nbsp;\u2013 verejn\u00e1 nahr\u00e1vka RTVS<\/td>\n<\/tr>\n<tr bgcolor=\"#f5f5f5\">\n<td width=\"35\"><b>2012<\/b><\/td>\n<td align=\"left\" valign=\"center\" width=\"572\" height=\"20\"><strong>Pavol Hammel a hostia \u2013 The best of <\/strong>\u2013<strong>&nbsp;<\/strong>verejn\u00e1 nahr\u00e1vka z koncertu<\/td>\n<\/tr>\n<tr bgcolor=\"#f5f5f5\">\n<td width=\"35\"><b>2009<\/b><\/td>\n<td align=\"left\" valign=\"center\" width=\"572\" height=\"20\"><strong>Everest&nbsp;<\/strong>(Pavol Hammel)&nbsp;\u2013 hudba pre inscen\u00e1ciu Baletu SND<\/td>\n<\/tr>\n<tr bgcolor=\"#f5f5f5\">\n<td width=\"35\"><b>2008<\/b><\/td>\n<td align=\"left\" valign=\"center\" width=\"572\" height=\"20\"><b>Tri \u017ealmy kaj\u00facne <\/b>(Marek Spusta) \u2013&nbsp;verejn\u00e1 nahr\u00e1vka SRo<\/td>\n<\/tr>\n<tr bgcolor=\"#f5f5f5\">\n<td width=\"35\"><b>2007<\/b><\/td>\n<td align=\"left\" valign=\"center\" width=\"572\" height=\"20\"><b>Missa in G <\/b>(Franz Schubert) \u2013 verejn\u00e1 nahr\u00e1vka SRo<\/td>\n<\/tr>\n<tr bgcolor=\"#f5f5f5\">\n<td width=\"35\"><b>2006<\/b><\/td>\n<td align=\"left\" valign=\"center\" width=\"572\" height=\"20\"><b>TE DEUM LAUDAMUS <\/b>\u2013 2. CD pezinsk\u00e9ho chr\u00e1mov\u00e9ho zboru<\/td>\n<\/tr>\n<tr bgcolor=\"#f5f5f5\">\n<td width=\"35\">&nbsp;<\/td>\n<td align=\"left\" valign=\"center\" width=\"572\" height=\"20\"><b>Appocalypsis Iohannis&nbsp; <\/b>(Peter Zagar) \u2013 verejn\u00e1 nahr\u00e1vka SRo<\/td>\n<\/tr>\n<tr bgcolor=\"#f5f5f5\">\n<td width=\"35\"><b>2001<\/b><\/td>\n<td align=\"left\" valign=\"center\" width=\"572\" height=\"20\"><b>Pytagorova teta <\/b>\u2013 spolupr\u00e1ca s vok\u00e1lno-in\u0161trument\u00e1lnou kapelou \u2013 verejn\u00e1 nahr\u00e1vka<\/td>\n<\/tr>\n<tr bgcolor=\"#f5f5f5\">\n<td width=\"35\"><b>2000<\/b><\/td>\n<td align=\"left\" valign=\"center\" width=\"572\" height=\"20\"><strong>MUSICA VOCAL<\/strong> (Jos\u00e9 Zarat\u00e9) \u2013 verejn\u00e1 nahr\u00e1vka zo s\u00fa\u0165a\u017ee<\/td>\n<\/tr>\n<tr bgcolor=\"#f5f5f5\">\n<td width=\"35\"><b>1999<\/b><\/td>\n<td align=\"left\" valign=\"center\" width=\"572\" height=\"20\"><b>AD UNA CORDA <\/b>\u2013 1. CD pezinsk\u00e9ho chr\u00e1mov\u00e9ho zboru<\/td>\n<\/tr>\n<tr bgcolor=\"#f5f5f5\">\n<td width=\"35\"><b>&nbsp;<\/b><\/td>\n<td align=\"left\" valign=\"center\" width=\"572\" height=\"20\"><strong>Om\u0161a venovan\u00e1 pamiatke sv. Gorazda<\/strong> (Mirko Kraj\u010di) \u2013 verejn\u00e1 nahr\u00e1vka SRo<\/td>\n<\/tr>\n<tr bgcolor=\"#f5f5f5\">\n<td width=\"35\"><b>&nbsp;<\/b><\/td>\n<td align=\"left\" valign=\"center\" width=\"572\" height=\"20\"><strong>Missa in b<\/strong> (J\u00e1n Levoslav Bella) \u2013 verejn\u00e1 nahr\u00e1vka v Slovenskej Filharm\u00f3nii<\/td>\n<\/tr>\n<\/tbody>\n<\/table>\n","protected":false},"excerpt":{"rendered":"<p>2016 Cirkevn\u00e9 kant\u00e1ty (J\u00e1n Levoslav Bella) \u2013 verejn\u00e1 nahr\u00e1vka SRo 2012 Missa pastoralis in F&nbsp;(Ign\u00e1c Linek)&nbsp;\u2013 verejn\u00e1 nahr\u00e1vka RTVS 2012 Pavol Hammel a hostia \u2013 The best of \u2013&nbsp;verejn\u00e1 nahr\u00e1vka <a class=\"read-more\" href=\"https:\/\/www.auc.sk\/index.php\/o-nas\/aktivity\/diskografia\/\">\u010c\u00edtajte viac<\/a><\/p>\n","protected":false},"author":1,"featured_media":0,"parent":25,"menu_order":0,"comment_status":"closed","ping_status":"closed","template":"","meta":{"ngg_post_thumbnail":0,"footnotes":""},"_links":{"self":[{"href":"https:\/\/www.auc.sk\/index.php\/wp-json\/wp\/v2\/pages\/1008"}],"collection":[{"href":"https:\/\/www.auc.sk\/index.php\/wp-json\/wp\/v2\/pages"}],"about":[{"href":"https:\/\/www.auc.sk\/index.php\/wp-json\/wp\/v2\/types\/page"}],"author":[{"embeddable":true,"href":"https:\/\/www.auc.sk\/index.php\/wp-json\/wp\/v2\/users\/1"}],"replies":[{"embeddable":true,"href":"https:\/\/www.auc.sk\/index.php\/wp-json\/wp\/v2\/comments?post=1008"}],"version-history":[{"count":3,"href":"https:\/\/www.auc.sk\/index.php\/wp-json\/wp\/v2\/pages\/1008\/revisions"}],"predecessor-version":[{"id":1028,"href":"https:\/\/www.auc.sk\/index.php\/wp-json\/wp\/v2\/pages\/1008\/revisions\/1028"}],"up":[{"embeddable":true,"href":"https:\/\/www.auc.sk\/index.php\/wp-json\/wp\/v2\/pages\/25"}],"wp:attachment":[{"href":"https:\/\/www.auc.sk\/index.php\/wp-json\/wp\/v2\/media?parent=1008"}],"curies":[{"name":"wp","href":"https:\/\/api.w.org\/{rel}","templated":true}]}}