{"id":1010,"date":"2017-01-06T12:48:39","date_gmt":"2017-01-06T10:48:39","guid":{"rendered":"http:\/\/www.auc.sk\/wordpress\/?page_id=1010"},"modified":"2022-11-17T14:53:39","modified_gmt":"2022-11-17T13:53:39","slug":"spolupracovali","status":"publish","type":"page","link":"https:\/\/www.auc.sk\/index.php\/o-nas\/aktivity\/spolupracovali\/","title":{"rendered":"Spolupracovali"},"content":{"rendered":"<table border=\"0\" width=\"627\" cellpadding=\"3\">\n<tbody>\n<tr>\n<td align=\"left\" valign=\"top\" bgcolor=\"#f5f5f5\" height=\"19\"><strong>Orchestre:<\/strong> Symfonick\u00fd orchester Slovensk\u00e9ho Rozhlasu, \u0160t\u00e1tna filharm\u00f3nia Ko\u0161ice, \u0160t\u00e1tny komorn\u00fd orchester \u017dilina, Slovensk\u00fd komorn\u00fd orchester, O\u013dUN Radio Bratislava, Musica Aeterna, Solamente naturali, Capella Istropolitana, Orchester Konzervat\u00f3ria v Bratislave, Capella Posoniensis, Mladoboleslavsk\u00fd komorn\u00ed orchestr, P\u00e4rnu City Orchestra<\/p>\n<p><strong>Divadeln\u00e9 s\u00fabory:<\/strong> Divadlo PIKI<\/p>\n<p><strong>Dirigenti:<\/strong> Du\u0161an Bill, Peter Breiner, Olari Elts, Adrian Koko\u0161, Mirko Kraj\u010di, Zbyn\u011bk M\u00fcller, Andrew Parrott, \u0160tefan Sedlick\u00fd, Michal Srba, Leo\u0161 Sv\u00e1rovsk\u00fd, Zden\u011bk \u0160ulc, Oliver Dohn\u00e1nyim Robert Jindra<\/p>\n<p><strong>S\u00f3listi:<\/strong> Miroslav Dvorsk\u00fd (tenor), Pavol Hammel (spev), Juraj Holl\u00fd (tenor), Ivan Koska (klav\u00edr), Mat\u00fa\u0161 \u0160imko (tenor), Eva \u0160u\u0161kov\u00e1 (sopr\u00e1n), Mat\u00fa\u0161 Tr\u00e1vni\u010dek (bas), Judita Andelov\u00e1 (mezzosopr\u00e1n), Adriana Ban\u00e1sov\u00e1 (sopr\u00e1n), Tom\u00e1\u0161 \u0160elc (bas)<\/p>\n<p><strong>In\u0161tit\u00facie:<\/strong> Slovensk\u00e9 n\u00e1rodn\u00e9 divadlo, Slovensk\u00e1 filharm\u00f3nia, Hudobn\u00e9 centrum, Slovensk\u00e1 telev\u00edzia<\/td>\n<\/tr>\n<\/tbody>\n<\/table>\n","protected":false},"excerpt":{"rendered":"<p>Orchestre: Symfonick\u00fd orchester Slovensk\u00e9ho Rozhlasu, \u0160t\u00e1tna filharm\u00f3nia Ko\u0161ice, \u0160t\u00e1tny komorn\u00fd orchester \u017dilina, Slovensk\u00fd komorn\u00fd orchester, O\u013dUN Radio Bratislava, Musica Aeterna, Solamente naturali, Capella Istropolitana, Orchester Konzervat\u00f3ria v Bratislave, Capella Posoniensis, <a class=\"read-more\" href=\"https:\/\/www.auc.sk\/index.php\/o-nas\/aktivity\/spolupracovali\/\">\u010c\u00edtajte viac<\/a><\/p>\n","protected":false},"author":1,"featured_media":0,"parent":25,"menu_order":0,"comment_status":"closed","ping_status":"closed","template":"","meta":{"ngg_post_thumbnail":0,"footnotes":""},"_links":{"self":[{"href":"https:\/\/www.auc.sk\/index.php\/wp-json\/wp\/v2\/pages\/1010"}],"collection":[{"href":"https:\/\/www.auc.sk\/index.php\/wp-json\/wp\/v2\/pages"}],"about":[{"href":"https:\/\/www.auc.sk\/index.php\/wp-json\/wp\/v2\/types\/page"}],"author":[{"embeddable":true,"href":"https:\/\/www.auc.sk\/index.php\/wp-json\/wp\/v2\/users\/1"}],"replies":[{"embeddable":true,"href":"https:\/\/www.auc.sk\/index.php\/wp-json\/wp\/v2\/comments?post=1010"}],"version-history":[{"count":8,"href":"https:\/\/www.auc.sk\/index.php\/wp-json\/wp\/v2\/pages\/1010\/revisions"}],"predecessor-version":[{"id":1713,"href":"https:\/\/www.auc.sk\/index.php\/wp-json\/wp\/v2\/pages\/1010\/revisions\/1713"}],"up":[{"embeddable":true,"href":"https:\/\/www.auc.sk\/index.php\/wp-json\/wp\/v2\/pages\/25"}],"wp:attachment":[{"href":"https:\/\/www.auc.sk\/index.php\/wp-json\/wp\/v2\/media?parent=1010"}],"curies":[{"name":"wp","href":"https:\/\/api.w.org\/{rel}","templated":true}]}}