{"id":1015,"date":"2017-01-06T12:51:34","date_gmt":"2017-01-06T10:51:34","guid":{"rendered":"http:\/\/www.auc.sk\/wordpress\/?page_id=1015"},"modified":"2018-08-02T15:18:36","modified_gmt":"2018-08-02T14:18:36","slug":"privitali-sme-v-pezinku","status":"publish","type":"page","link":"https:\/\/www.auc.sk\/index.php\/o-nas\/aktivity\/privitali-sme-v-pezinku\/","title":{"rendered":"Priv\u00edtali sme v Pezinku"},"content":{"rendered":"<table border=\"0\" width=\"627\" cellpadding=\"3\">\n<tbody>\n<tr>\n<td align=\"left\" valign=\"top\" bgcolor=\"#f5f5f5\" height=\"19\"><strong>2017<\/strong>\u00a0Slovensk\u00fd komorn\u00fd orchester, Komorn\u00fd orchester Technik<strong> 2016<\/strong> Ely Cathedral Choir, \u0160t\u00e1tny komorn\u00fd orchester \u017dilina <strong>2015<\/strong> Soli Deo Gloria <strong>2014<\/strong> Komorn\u00fd orchester Technik, Central Dauphin and Hershey High School Choirs <strong>2010<\/strong> Aurin (H), Birmingham Choral (GB), Schola Gregoriana Pragensis (CZ), Adoremus (SVK), Solamente naturali (SVK), Schola Gregoriana Bratislavensis (SVK), Jana Orlick\u00e1 (SVK) <strong>2009<\/strong> Women\u00b4s Chorale (USA), Schola Cantorum (USA), Chamber Orchestra University of Richmond (USA), Adoremus (SVK) <strong>2008<\/strong> John Powell Singers (GB), Zbor slovensk\u00fdch u\u010dite\u013eov (SVK), Lum\u00edr (CZ), Echo (SVK), Detsk\u00fd spev\u00e1cky zbor SRo (SVK), D\u00e1msky komorn\u00fd orchester (SVK), Moyzesovo kvarteto (SVK) <strong>2007<\/strong> Moyzesovo kvarteto (SVK) <strong>2006<\/strong> Wycombe High School Choir &amp; Orchestra (GB), Banchieri singers (H), Ch\u00f3r Uniwersytetu Karola W. (PL), Gentlemen Singers (CZ), Detsk\u00fd spev\u00e1cky zbor SRo (SVK) <strong>2004<\/strong> Bielski Chor Kameralny(PL), Miraculum (H), Schola Sv. J\u00e1na K\u0159titele (CZ), Five Live (SVK) <strong>2002<\/strong> Close Harmony Friends (SVK), Colegium Vocale Vienna (A), Continental Singers (SVK), Pueri Novi (CZ), Adoremus (SVK) <strong>2000<\/strong> Bloomington Chapel Choir (USA), Adoremus (SVK), Chamber choir of Montana (USA), Mariborski oktet (SLO), Schola Gregoriana Pragensis (CZ), Wiener Mannergesang-verein (A)\u00a0<strong>1998<\/strong> Adoremus (SVK), Concertus musicus (I), Coro di Perugia (I), Ensemble musica sacra (D), Kantorei Graz (A), Romeiko choral ensemble (USA), Sirmium cantorum (CRO), Vesna (RUS), Zbor konzervat\u00f3ria Bratislava (SVK)\u00a0<strong>1997<\/strong> Zbor konzervat\u00f3ria Bratislava (SVK), Resonans con tutti (PL), Davidson singers (USA) <strong>1996<\/strong> Boleslav (CZ), Zbor konzervat\u00f3ria Bratislava (SVK), Szeged d\u00f3m k\u00f3rus (H), Resonans con tutti (PL) <strong>1995<\/strong> Kirkpatrick choir (USA), Zbor slovensk\u00fdch u\u010dite\u013eov (SVK) <strong>1994<\/strong> L\u00fa\u010dnica (SVK)<\/td>\n<\/tr>\n<\/tbody>\n<\/table>\n","protected":false},"excerpt":{"rendered":"<p>2017\u00a0Slovensk\u00fd komorn\u00fd orchester, Komorn\u00fd orchester Technik 2016 Ely Cathedral Choir, \u0160t\u00e1tny komorn\u00fd orchester \u017dilina 2015 Soli Deo Gloria 2014 Komorn\u00fd orchester Technik, Central Dauphin and Hershey High School Choirs 2010 <a class=\"read-more\" href=\"https:\/\/www.auc.sk\/index.php\/o-nas\/aktivity\/privitali-sme-v-pezinku\/\">\u010c\u00edtajte viac<\/a><\/p>\n","protected":false},"author":1,"featured_media":0,"parent":25,"menu_order":0,"comment_status":"closed","ping_status":"closed","template":"","meta":{"ngg_post_thumbnail":0,"footnotes":""},"_links":{"self":[{"href":"https:\/\/www.auc.sk\/index.php\/wp-json\/wp\/v2\/pages\/1015"}],"collection":[{"href":"https:\/\/www.auc.sk\/index.php\/wp-json\/wp\/v2\/pages"}],"about":[{"href":"https:\/\/www.auc.sk\/index.php\/wp-json\/wp\/v2\/types\/page"}],"author":[{"embeddable":true,"href":"https:\/\/www.auc.sk\/index.php\/wp-json\/wp\/v2\/users\/1"}],"replies":[{"embeddable":true,"href":"https:\/\/www.auc.sk\/index.php\/wp-json\/wp\/v2\/comments?post=1015"}],"version-history":[{"count":3,"href":"https:\/\/www.auc.sk\/index.php\/wp-json\/wp\/v2\/pages\/1015\/revisions"}],"predecessor-version":[{"id":1399,"href":"https:\/\/www.auc.sk\/index.php\/wp-json\/wp\/v2\/pages\/1015\/revisions\/1399"}],"up":[{"embeddable":true,"href":"https:\/\/www.auc.sk\/index.php\/wp-json\/wp\/v2\/pages\/25"}],"wp:attachment":[{"href":"https:\/\/www.auc.sk\/index.php\/wp-json\/wp\/v2\/media?parent=1015"}],"curies":[{"name":"wp","href":"https:\/\/api.w.org\/{rel}","templated":true}]}}