{"id":192,"date":"2016-04-11T08:54:46","date_gmt":"2016-04-11T06:54:46","guid":{"rendered":"http:\/\/www.auc.sk\/wordpress\/?page_id=192"},"modified":"2018-10-01T09:31:43","modified_gmt":"2018-10-01T08:31:43","slug":"o-nas","status":"publish","type":"page","link":"https:\/\/www.auc.sk\/index.php\/o-nas\/","title":{"rendered":"O n\u00e1s"},"content":{"rendered":"<div id=\"pl-192\"  class=\"panel-layout\" ><div id=\"pg-192-0\"  class=\"panel-grid panel-no-style\" ><div id=\"pgc-192-0-0\"  class=\"panel-grid-cell\" ><div id=\"panel-192-0-0-0\" class=\"so-panel widget widget_sow-editor panel-first-child panel-last-child\" data-index=\"0\" ><div\n\t\t\t\n\t\t\tclass=\"so-widget-sow-editor so-widget-sow-editor-base\"\n\t\t\t\n\t\t>\n<div class=\"siteorigin-widget-tinymce textwidget\">\n\t<p>N\u00e1\u0161 zbor m\u00e1 dlhoro\u010dn\u00fa trad\u00edciu, ktorej korene siahaj\u00fa a\u017e do roku 1867, kedy vznikol v Pezinku spev\u00e1cky spolok. V s\u00fa\u010dasnosti sa venujeme predov\u0161etk\u00fdm interpret\u00e1cii klasickej i modernej chr\u00e1movej hudby.&nbsp;V reperto\u00e1ri m\u00e1me&nbsp;religi\u00f3zne piesne, om\u0161e, spiritu\u00e1ly a \u013eudov\u00e9 piesne.&nbsp;<\/p>\n<\/div>\n<\/div><\/div><\/div><\/div><div id=\"pg-192-1\"  class=\"panel-grid panel-no-style\" ><div id=\"pgc-192-1-0\"  class=\"panel-grid-cell\" ><div id=\"panel-192-1-0-0\" class=\"so-panel widget widget_sow-editor panel-first-child panel-last-child\" data-index=\"1\" ><div\n\t\t\t\n\t\t\tclass=\"so-widget-sow-editor so-widget-sow-editor-base\"\n\t\t\t\n\t\t>\n<div class=\"siteorigin-widget-tinymce textwidget\">\n\t<p><a href=\"http:\/\/www.auc.sk\/wordpress\/wp-content\/uploads\/2016\/04\/hist_vyrez.jpg\" class=\"broken_link\"><img loading=\"lazy\" decoding=\"async\" class=\"alignnone size-full wp-image-1095\" src=\"http:\/\/www.auc.sk\/wordpress\/wp-content\/uploads\/2016\/04\/hist_vyrez.jpg\" alt=\"\" width=\"684\" height=\"342\" srcset=\"https:\/\/www.auc.sk\/wordpress\/wp-content\/uploads\/2016\/04\/hist_vyrez.jpg 684w, https:\/\/www.auc.sk\/wordpress\/wp-content\/uploads\/2016\/04\/hist_vyrez-300x150.jpg 300w\" sizes=\"(max-width: 684px) 100vw, 684px\" \/><\/a><\/p>\n<\/div>\n<\/div><\/div><\/div><div id=\"pgc-192-1-1\"  class=\"panel-grid-cell\" ><div id=\"panel-192-1-1-0\" class=\"so-panel widget widget_sow-editor panel-first-child panel-last-child\" data-index=\"2\" ><div\n\t\t\t\n\t\t\tclass=\"so-widget-sow-editor so-widget-sow-editor-base\"\n\t\t\t\n\t\t>\n<div class=\"siteorigin-widget-tinymce textwidget\">\n\t<p>V roku 2017 sme si pripomenuli 150. v\u00fdro\u010die zalo\u017eenia Pezinsk\u00e9ho spevokolu, ktor\u00e9ho priamym pokra\u010dovate\u013eom je v s\u00fa\u010dasnosti zbor Ad Una Corda. Zbor v minulosti viedlo viacero v\u00fdznamn\u00fdch osobnost\u00ed, musel plni\u0165 mnoh\u00e9 spolo\u010densk\u00e9 povinnosti, \u010di z\u00e1pasi\u0165 s nepriazniv\u00fdmi podmienkami komunistick\u00e9ho re\u017eimu.&nbsp;<\/p>\n<p><a class=\"button\" href=\"http:\/\/www.auc.sk\/index.php\/o-nas\/historia\/\">Hist\u00f3ria<\/a><\/p>\n<\/div>\n<\/div><\/div><\/div><\/div><div id=\"pg-192-2\"  class=\"panel-grid panel-no-style\" ><div id=\"pgc-192-2-0\"  class=\"panel-grid-cell\" ><div id=\"panel-192-2-0-0\" class=\"so-panel widget widget_sow-editor panel-first-child panel-last-child\" data-index=\"3\" ><div\n\t\t\t\n\t\t\tclass=\"so-widget-sow-editor so-widget-sow-editor-base\"\n\t\t\t\n\t\t>\n<div class=\"siteorigin-widget-tinymce textwidget\">\n\t<p><a href=\"http:\/\/www.auc.sk\/wordpress\/wp-content\/uploads\/2016\/10\/program.jpg\" class=\"broken_link\"><img loading=\"lazy\" decoding=\"async\" class=\"alignnone size-full wp-image-538\" src=\"http:\/\/www.auc.sk\/wordpress\/wp-content\/uploads\/2016\/10\/program.jpg\" alt=\"\" width=\"750\" height=\"375\" srcset=\"https:\/\/www.auc.sk\/wordpress\/wp-content\/uploads\/2016\/10\/program.jpg 750w, https:\/\/www.auc.sk\/wordpress\/wp-content\/uploads\/2016\/10\/program-300x150.jpg 300w\" sizes=\"(max-width: 750px) 100vw, 750px\" \/><\/a><\/p>\n<\/div>\n<\/div><\/div><\/div><div id=\"pgc-192-2-1\"  class=\"panel-grid-cell\" ><div id=\"panel-192-2-1-0\" class=\"so-panel widget widget_sow-editor panel-first-child panel-last-child\" data-index=\"4\" ><div\n\t\t\t\n\t\t\tclass=\"so-widget-sow-editor so-widget-sow-editor-base\"\n\t\t\t\n\t\t>\n<div class=\"siteorigin-widget-tinymce textwidget\">\n\t<p>Pre populariz\u00e1ciu chr\u00e1movej hudby organizujeme viacero projektov, ktor\u00fdch predmetom s\u00fa koncertn\u00e9 cesty, benefi\u010dn\u00e9 koncerty, medzin\u00e1rodn\u00e9 festivaly a in\u00e9 aktivity.<\/p>\n<p><a class=\"button\" href=\"http:\/\/www.auc.sk\/index.php\/o-nas\/aktivity\/projekty\/\">Projekty<\/a><\/p>\n<\/div>\n<\/div><\/div><\/div><\/div><div id=\"pg-192-3\"  class=\"panel-grid panel-no-style\" ><div id=\"pgc-192-3-0\"  class=\"panel-grid-cell\" ><div id=\"panel-192-3-0-0\" class=\"so-panel widget widget_sow-editor panel-first-child panel-last-child\" data-index=\"5\" ><div\n\t\t\t\n\t\t\tclass=\"so-widget-sow-editor so-widget-sow-editor-base\"\n\t\t\t\n\t\t>\n<div class=\"siteorigin-widget-tinymce textwidget\">\n\t<p><a href=\"http:\/\/www.auc.sk\/wordpress\/wp-content\/uploads\/2016\/04\/sutaz_vyrez.jpg\" class=\"broken_link\"><img loading=\"lazy\" decoding=\"async\" class=\"alignnone size-full wp-image-1105\" src=\"http:\/\/www.auc.sk\/wordpress\/wp-content\/uploads\/2016\/04\/sutaz_vyrez.jpg\" alt=\"\" width=\"670\" height=\"335\" srcset=\"https:\/\/www.auc.sk\/wordpress\/wp-content\/uploads\/2016\/04\/sutaz_vyrez.jpg 670w, https:\/\/www.auc.sk\/wordpress\/wp-content\/uploads\/2016\/04\/sutaz_vyrez-300x150.jpg 300w\" sizes=\"(max-width: 670px) 100vw, 670px\" \/><\/a><\/p>\n<\/div>\n<\/div><\/div><\/div><div id=\"pgc-192-3-1\"  class=\"panel-grid-cell\" ><div id=\"panel-192-3-1-0\" class=\"so-panel widget widget_sow-editor panel-first-child panel-last-child\" data-index=\"6\" ><div\n\t\t\t\n\t\t\tclass=\"so-widget-sow-editor so-widget-sow-editor-base\"\n\t\t\t\n\t\t>\n<div class=\"siteorigin-widget-tinymce textwidget\">\n\t<p>\u00darove\u0148 na\u0161ich schopnosti interpretova\u0165 zborov\u00fa, preva\u017ene chr\u00e1mov\u00fa hudbu si overujeme akt\u00edvnou \u00fa\u010das\u0165ou na s\u00fa\u0165a\u017eiach doma i v zahrani\u010d\u00ed. <\/p>\n<p><a class=\"button\" href=\"http:\/\/www.auc.sk\/index.php\/o-nas\/aktivity\/sutaze\/\">S\u00fa\u0165a\u017ee<\/a><\/p>\n<\/div>\n<\/div><\/div><\/div><\/div><div id=\"pg-192-4\"  class=\"panel-grid panel-no-style\" ><div id=\"pgc-192-4-0\"  class=\"panel-grid-cell\" ><div id=\"panel-192-4-0-0\" class=\"so-panel widget widget_sow-editor panel-first-child panel-last-child\" data-index=\"7\" ><div\n\t\t\t\n\t\t\tclass=\"so-widget-sow-editor so-widget-sow-editor-base\"\n\t\t\t\n\t\t>\n<div class=\"siteorigin-widget-tinymce textwidget\">\n\t<p><a href=\"http:\/\/www.auc.sk\/wordpress\/wp-content\/uploads\/2016\/04\/Izrael_small_vyrez.jpg\" class=\"broken_link\"><img loading=\"lazy\" decoding=\"async\" class=\"alignnone size-full wp-image-1101\" src=\"http:\/\/www.auc.sk\/wordpress\/wp-content\/uploads\/2016\/04\/Izrael_small_vyrez.jpg\" alt=\"\" width=\"600\" height=\"300\" srcset=\"https:\/\/www.auc.sk\/wordpress\/wp-content\/uploads\/2016\/04\/Izrael_small_vyrez.jpg 600w, https:\/\/www.auc.sk\/wordpress\/wp-content\/uploads\/2016\/04\/Izrael_small_vyrez-300x150.jpg 300w\" sizes=\"(max-width: 600px) 100vw, 600px\" \/><\/a><\/p>\n<\/div>\n<\/div><\/div><\/div><div id=\"pgc-192-4-1\"  class=\"panel-grid-cell\" ><div id=\"panel-192-4-1-0\" class=\"so-panel widget widget_sow-editor panel-first-child panel-last-child\" data-index=\"8\" ><div\n\t\t\t\n\t\t\tclass=\"so-widget-sow-editor so-widget-sow-editor-base\"\n\t\t\t\n\t\t>\n<div class=\"siteorigin-widget-tinymce textwidget\">\n\t<p>Svoju rados\u0165 zo spievania \u0161\u00edrime aj na r\u00f4znych hudobn\u00fdch festivaloch, ako Bratislavsk\u00e9 hudobn\u00e9 sl\u00e1vnosti, Layali Al-Milad v Palest\u00edne, ale aj na festivale popul\u00e1rnej hudby Ba\u017eant Pohoda. <\/p>\n<p><a class=\"button\" href=\"http:\/\/www.auc.sk\/index.php\/o-nas\/aktivity\/festivaly\/\">Festivaly<\/a><\/p>\n<\/div>\n<\/div><\/div><\/div><\/div><div id=\"pg-192-5\"  class=\"panel-grid panel-no-style\" ><div id=\"pgc-192-5-0\"  class=\"panel-grid-cell\" ><div id=\"panel-192-5-0-0\" class=\"so-panel widget widget_sow-editor panel-first-child panel-last-child\" data-index=\"9\" ><div\n\t\t\t\n\t\t\tclass=\"so-widget-sow-editor so-widget-sow-editor-base\"\n\t\t\t\n\t\t>\n<div class=\"siteorigin-widget-tinymce textwidget\">\n\t<p>&nbsp;<a href=\"http:\/\/www.auc.sk\/wordpress\/wp-content\/uploads\/2016\/04\/koncert_kremnica_vyrez.jpg\" class=\"broken_link\"><img loading=\"lazy\" decoding=\"async\" class=\"alignnone size-large wp-image-1098\" src=\"http:\/\/www.auc.sk\/wordpress\/wp-content\/uploads\/2016\/04\/koncert_kremnica_vyrez.jpg\" alt=\"\" width=\"500\" height=\"250\" srcset=\"https:\/\/www.auc.sk\/wordpress\/wp-content\/uploads\/2016\/04\/koncert_kremnica_vyrez.jpg 500w, https:\/\/www.auc.sk\/wordpress\/wp-content\/uploads\/2016\/04\/koncert_kremnica_vyrez-300x150.jpg 300w\" sizes=\"(max-width: 500px) 100vw, 500px\" \/><\/a><\/p>\n<\/div>\n<\/div><\/div><\/div><div id=\"pgc-192-5-1\"  class=\"panel-grid-cell\" ><div id=\"panel-192-5-1-0\" class=\"so-panel widget widget_sow-editor panel-first-child panel-last-child\" data-index=\"10\" ><div\n\t\t\t\n\t\t\tclass=\"so-widget-sow-editor so-widget-sow-editor-base\"\n\t\t\t\n\t\t>\n<div class=\"siteorigin-widget-tinymce textwidget\">\n\t<p>&nbsp;<br \/>\nKoncertovali sme v 15 krajin\u00e1ch Eur\u00f3py, v USA i v Izraeli a taktie\u017e v r\u00f4znych mest\u00e1ch na Slovensku. \u00da\u010dinkujeme pri v\u00fdznamn\u00fdch cirkevn\u00fdch sl\u00e1vnostiach a na festivaloch a projektoch v\u00e1\u017enej hudby.<\/p>\n<p><a class=\"button\" href=\"http:\/\/www.auc.sk\/index.php\/o-nas\/aktivity\/koncerty\/\">Koncerty<\/a><\/p>\n<\/div>\n<\/div><\/div><\/div><\/div><\/div>","protected":false},"excerpt":{"rendered":"<p>N\u00e1\u0161 zbor m\u00e1 dlhoro\u010dn\u00fa trad\u00edciu, ktorej korene siahaj\u00fa a\u017e do roku 1867, kedy vznikol v Pezinku spev\u00e1cky spolok. V s\u00fa\u010dasnosti sa venujeme predov\u0161etk\u00fdm interpret\u00e1cii klasickej i modernej chr\u00e1movej hudby.&nbsp;V reperto\u00e1ri <a class=\"read-more\" href=\"https:\/\/www.auc.sk\/index.php\/o-nas\/\">\u010c\u00edtajte viac<\/a><\/p>\n","protected":false},"author":1,"featured_media":0,"parent":0,"menu_order":0,"comment_status":"closed","ping_status":"closed","template":"","meta":{"ngg_post_thumbnail":0,"footnotes":""},"_links":{"self":[{"href":"https:\/\/www.auc.sk\/index.php\/wp-json\/wp\/v2\/pages\/192"}],"collection":[{"href":"https:\/\/www.auc.sk\/index.php\/wp-json\/wp\/v2\/pages"}],"about":[{"href":"https:\/\/www.auc.sk\/index.php\/wp-json\/wp\/v2\/types\/page"}],"author":[{"embeddable":true,"href":"https:\/\/www.auc.sk\/index.php\/wp-json\/wp\/v2\/users\/1"}],"replies":[{"embeddable":true,"href":"https:\/\/www.auc.sk\/index.php\/wp-json\/wp\/v2\/comments?post=192"}],"version-history":[{"count":17,"href":"https:\/\/www.auc.sk\/index.php\/wp-json\/wp\/v2\/pages\/192\/revisions"}],"predecessor-version":[{"id":1425,"href":"https:\/\/www.auc.sk\/index.php\/wp-json\/wp\/v2\/pages\/192\/revisions\/1425"}],"wp:attachment":[{"href":"https:\/\/www.auc.sk\/index.php\/wp-json\/wp\/v2\/media?parent=192"}],"curies":[{"name":"wp","href":"https:\/\/api.w.org\/{rel}","templated":true}]}}