{"id":214,"date":"2016-04-11T12:17:11","date_gmt":"2016-04-11T10:17:11","guid":{"rendered":"http:\/\/www.auc.sk\/wordpress\/?page_id=214"},"modified":"2017-01-07T16:14:11","modified_gmt":"2017-01-07T15:14:11","slug":"pridajte-sa-k-nam","status":"publish","type":"page","link":"https:\/\/www.auc.sk\/index.php\/o-nas\/pridajte-sa-k-nam\/","title":{"rendered":"Pridajte sa k n\u00e1m"},"content":{"rendered":"<p><img loading=\"lazy\" decoding=\"async\" class=\"alignnone size-full wp-image-540\" src=\"http:\/\/www.auc.sk\/wordpress\/wp-content\/uploads\/2016\/10\/Pozadie2011-1.jpg\" alt=\"\" width=\"636\" height=\"318\" srcset=\"https:\/\/www.auc.sk\/wordpress\/wp-content\/uploads\/2016\/10\/Pozadie2011-1.jpg 636w, https:\/\/www.auc.sk\/wordpress\/wp-content\/uploads\/2016\/10\/Pozadie2011-1-300x150.jpg 300w\" sizes=\"(max-width: 636px) 100vw, 636px\" \/><\/p>\n<div>Ak si nad\u0161enec zborov\u00e9ho spevu a m\u00e1\u0161 z\u00e1ujem spieva\u0165 v na\u0161om zbore, nev\u00e1haj n\u00e1s kontaktova\u0165 (<a href=\"mailto:adunacorda@gmail.com\" target=\"_blank\">adunacorda@gmail.com<\/a>,&nbsp;pr\u00edp.&nbsp;0908 112 111), alebo priamo pr\u00ed\u010f na sk\u00fa\u0161ky zboru, ktor\u00e9 sa konaj\u00fa ka\u017ed\u00fd piatok a v nede\u013eu o 19:00 v budove R\u00edmskokatol\u00edckeho farsk\u00e9ho \u00faradu na Farskej ulici \u010d. 5 v Pezinku.<\/div>\n<div>&nbsp;<\/div>\n<div>Radi \u0164a priv\u00edtame.&nbsp;<\/div>\n<div>&nbsp;<\/div>\n","protected":false},"excerpt":{"rendered":"<p>Ak si nad\u0161enec zborov\u00e9ho spevu a m\u00e1\u0161 z\u00e1ujem spieva\u0165 v na\u0161om zbore, nev\u00e1haj n\u00e1s kontaktova\u0165 (adunacorda@gmail.com,&nbsp;pr\u00edp.&nbsp;0908 112 111), alebo priamo pr\u00ed\u010f na sk\u00fa\u0161ky zboru, ktor\u00e9 sa konaj\u00fa ka\u017ed\u00fd piatok a <a class=\"read-more\" href=\"https:\/\/www.auc.sk\/index.php\/o-nas\/pridajte-sa-k-nam\/\">\u010c\u00edtajte viac<\/a><\/p>\n","protected":false},"author":1,"featured_media":0,"parent":192,"menu_order":0,"comment_status":"closed","ping_status":"closed","template":"","meta":{"ngg_post_thumbnail":0,"footnotes":""},"_links":{"self":[{"href":"https:\/\/www.auc.sk\/index.php\/wp-json\/wp\/v2\/pages\/214"}],"collection":[{"href":"https:\/\/www.auc.sk\/index.php\/wp-json\/wp\/v2\/pages"}],"about":[{"href":"https:\/\/www.auc.sk\/index.php\/wp-json\/wp\/v2\/types\/page"}],"author":[{"embeddable":true,"href":"https:\/\/www.auc.sk\/index.php\/wp-json\/wp\/v2\/users\/1"}],"replies":[{"embeddable":true,"href":"https:\/\/www.auc.sk\/index.php\/wp-json\/wp\/v2\/comments?post=214"}],"version-history":[{"count":8,"href":"https:\/\/www.auc.sk\/index.php\/wp-json\/wp\/v2\/pages\/214\/revisions"}],"predecessor-version":[{"id":1076,"href":"https:\/\/www.auc.sk\/index.php\/wp-json\/wp\/v2\/pages\/214\/revisions\/1076"}],"up":[{"embeddable":true,"href":"https:\/\/www.auc.sk\/index.php\/wp-json\/wp\/v2\/pages\/192"}],"wp:attachment":[{"href":"https:\/\/www.auc.sk\/index.php\/wp-json\/wp\/v2\/media?parent=214"}],"curies":[{"name":"wp","href":"https:\/\/api.w.org\/{rel}","templated":true}]}}