{"id":218,"date":"2016-04-11T12:24:22","date_gmt":"2016-04-11T10:24:22","guid":{"rendered":"http:\/\/www.auc.sk\/wordpress\/?page_id=218"},"modified":"2026-01-29T10:49:02","modified_gmt":"2026-01-29T09:49:02","slug":"2-percenta","status":"publish","type":"page","link":"https:\/\/www.auc.sk\/index.php\/o-nas\/2-percenta\/","title":{"rendered":"Podporte n\u00e1s 2%"},"content":{"rendered":"<p>Mil\u00ed priaznivci a podporovatelia zboru Ad Una Corda, obraciame sa na V\u00e1s s prosbou o podporu na\u0161ej \u010dinnosti, a to formou pouk\u00e1zania 2% zo zaplatenej dane. Z\u00e1kon o daniach z pr\u00edjmov (Z.\u010d. 595\/2003 Z.z., \u00a7 50 a 52) V\u00e1m umo\u017e\u0148uje, aby ste da\u0148 z pr\u00edjmov (jednotlivcov aj firiem) rozdelili na dve \u010dasti. Prv\u00fa \u010das\u0165 dane (98%) mus\u00edte odvies\u0165 \u0161t\u00e1tu a druh\u00fa (2%) m\u00f4\u017eete pouk\u00e1za\u0165 neziskovej organiz\u00e1cii. Ak nevyu\u017eijete t\u00fato mo\u017enos\u0165 automaticky, cel\u00e1 va\u0161a da\u0148 z pr\u00edjmov (100%) je odveden\u00e1 \u0161t\u00e1tu.<br \/>\n\u010eakujeme V\u00e1m za Va\u0161u pomoc, ktorou prispejete k zachovaniu trad\u00edcie a k napredovaniu zboru Ad Una Corda.<\/p>\n<p>\u010dlenovia AUC<\/p>\n<div><\/div>\n<p>N\u00e1zov: Ad Una Corda<br \/>\nPr\u00e1vna forma: ob\u010dianske zdru\u017eenie<br \/>\nI\u010cO: 356 039 76<br \/>\nS\u00eddlo: SNP 291\/17, 902 01 Pezinok<\/p>\n<p>V pr\u00edpade ot\u00e1zok volajte 0915 757 591.<\/p>\n<p><strong>Tla\u010div\u00e1 na pouk\u00e1zanie dane pre zamestnanca:<\/strong><\/p>\n<table id=\"table1\" border=\"0\" width=\"100%\">\n<tbody>\n<tr>\n<td width=\"300\"><em><strong>Vyhl\u00e1senie o pouk\u00e1zan\u00ed podielu zaplatenej dane<\/strong><\/em><\/td>\n<td width=\"233\"><a href=\"https:\/\/www.auc.sk\/wordpress\/wp-content\/uploads\/2026\/01\/Vyhlasenie-2_2025.pdf\">Vyhlasenie 2%_2025<\/a><\/td>\n<\/tr>\n<tr>\n<td width=\"300\"><em><strong>Potvrdenie o zaplaten\u00ed dane<\/strong><\/em><\/td>\n<td width=\"233\"><a href=\"https:\/\/www.auc.sk\/wordpress\/wp-content\/uploads\/2025\/02\/Potvrdenie_2024.pdf\">Potvrdenie_2024<\/a><\/td>\n<\/tr>\n<tr>\n<td width=\"300\"><em>Potvrdenie na pouk\u00e1zanie 3 % od vysielaj\u00facej organiz\u00e1cie<\/em><\/td>\n<td width=\"233\"><a href=\"http:\/\/www.auc.sk\/dokumenty\/Dobrovolnictvo-Vysielajuca.odt\" class=\"broken_link\">Dobrovolnictvo-Vysielajuca.odt<\/a><\/td>\n<\/tr>\n<tr>\n<td width=\"300\"><em>Potvrdenie na pouk\u00e1zanie 3 % od prij\u00edmate\u013ea dobrovo\u013en\u00edckej \u010dinnosti<\/em><\/td>\n<td width=\"233\"><a href=\"http:\/\/www.auc.sk\/dokumenty\/Dobrovolnictvo-Prijimatel.odt\" class=\"broken_link\">Dobrovolnictvo-Prijimatel.odt<\/a><\/td>\n<\/tr>\n<\/tbody>\n<\/table>\n<p>Ostatn\u00e9 tla\u010div\u00e1 a inform\u00e1cie s\u00fa dostupn\u00e9 na web str\u00e1nke <a href=\"http:\/\/www.rozhodni.sk\/\" target=\"blank\" rel=\"noopener\">www.rozhodni.sk<\/a><\/p>\n<div><\/div>\n","protected":false},"excerpt":{"rendered":"<p>Mil\u00ed priaznivci a podporovatelia zboru Ad Una Corda, obraciame sa na V\u00e1s s prosbou o podporu na\u0161ej \u010dinnosti, a to formou pouk\u00e1zania 2% zo zaplatenej dane. Z\u00e1kon o daniach z <a class=\"read-more\" href=\"https:\/\/www.auc.sk\/index.php\/o-nas\/2-percenta\/\">\u010c\u00edtajte viac<\/a><\/p>\n","protected":false},"author":1,"featured_media":0,"parent":192,"menu_order":0,"comment_status":"closed","ping_status":"closed","template":"","meta":{"ngg_post_thumbnail":0,"footnotes":""},"_links":{"self":[{"href":"https:\/\/www.auc.sk\/index.php\/wp-json\/wp\/v2\/pages\/218"}],"collection":[{"href":"https:\/\/www.auc.sk\/index.php\/wp-json\/wp\/v2\/pages"}],"about":[{"href":"https:\/\/www.auc.sk\/index.php\/wp-json\/wp\/v2\/types\/page"}],"author":[{"embeddable":true,"href":"https:\/\/www.auc.sk\/index.php\/wp-json\/wp\/v2\/users\/1"}],"replies":[{"embeddable":true,"href":"https:\/\/www.auc.sk\/index.php\/wp-json\/wp\/v2\/comments?post=218"}],"version-history":[{"count":21,"href":"https:\/\/www.auc.sk\/index.php\/wp-json\/wp\/v2\/pages\/218\/revisions"}],"predecessor-version":[{"id":1848,"href":"https:\/\/www.auc.sk\/index.php\/wp-json\/wp\/v2\/pages\/218\/revisions\/1848"}],"up":[{"embeddable":true,"href":"https:\/\/www.auc.sk\/index.php\/wp-json\/wp\/v2\/pages\/192"}],"wp:attachment":[{"href":"https:\/\/www.auc.sk\/index.php\/wp-json\/wp\/v2\/media?parent=218"}],"curies":[{"name":"wp","href":"https:\/\/api.w.org\/{rel}","templated":true}]}}