{"id":223,"date":"2016-04-11T13:21:46","date_gmt":"2016-04-11T11:21:46","guid":{"rendered":"http:\/\/www.auc.sk\/wordpress\/?page_id=223"},"modified":"2016-12-06T21:52:13","modified_gmt":"2016-12-06T19:52:13","slug":"cd-1-ad-una-corda","status":"publish","type":"page","link":"https:\/\/www.auc.sk\/index.php\/cd-1-ad-una-corda\/","title":{"rendered":"CD 1 &#8211; Ad Una Corda"},"content":{"rendered":"<div id=\"pl-223\"  class=\"panel-layout\" ><div id=\"pg-223-0\"  class=\"panel-grid panel-no-style\" ><div id=\"pgc-223-0-0\"  class=\"panel-grid-cell\" ><div id=\"panel-223-0-0-0\" class=\"so-panel widget widget_sow-editor panel-first-child panel-last-child\" data-index=\"0\" ><div\n\t\t\t\n\t\t\tclass=\"so-widget-sow-editor so-widget-sow-editor-base\"\n\t\t\t\n\t\t>\n<div class=\"siteorigin-widget-tinymce textwidget\">\n\t<table border=\"0\">\n<tbody>\n<tr>\n<td style=\"text-align: right;\">Oreste Ravanello<\/td>\n<td>&nbsp;<\/td>\n<td>HEAC DIES<\/td>\n<\/tr>\n<tr>\n<td style=\"text-align: right;\">Mikul\u00e1\u0161 Schneider-Trnavsk\u00fd<\/td>\n<td>&nbsp;<\/td>\n<td>OT\u010cE N\u00c1\u0160<\/td>\n<\/tr>\n<tr>\n<td style=\"text-align: right;\">Anton Bruckner<\/td>\n<td width=\"30\"><a href=\"http:\/\/www.auc.sk\/mp3\/os_justi.mp3\" class=\"broken_link\"><img loading=\"lazy\" decoding=\"async\" class=\"alignnone size-full wp-image-809 aligncenter\" src=\"http:\/\/www.auc.sk\/wordpress\/wp-content\/uploads\/2016\/11\/play.png\" alt=\"play\" width=\"15\" height=\"15\"\/><\/a>\n<\/td>\n<td>OS JUSTI<\/td>\n<\/tr>\n<tr>\n<td style=\"text-align: right;\">Giovanni Pierluigi da Palestrina<\/td>\n<td width=\"30\"><a href=\"http:\/\/www.auc.sk\/mp3\/exultate_deo.mp3\" class=\"broken_link\"><img loading=\"lazy\" decoding=\"async\" class=\"alignnone size-full wp-image-809 aligncenter\" src=\"http:\/\/www.auc.sk\/wordpress\/wp-content\/uploads\/2016\/11\/play.png\" alt=\"play\" width=\"15\" height=\"15\"\/><\/a><\/td>\n<td>EXULTATE DEO<\/td>\n<\/tr>\n<tr>\n<td style=\"text-align: right;\">Agustin Kubizek<\/td>\n<td>&nbsp;<\/td>\n<td>PREIST GOTT<\/td>\n<\/tr>\n<tr>\n<td style=\"text-align: right;\">John Rutter<\/td>\n<td>&nbsp;<\/td>\n<td>THE LORD IS MY SHEPHERD<\/td>\n<\/tr>\n<tr>\n<td style=\"text-align: right;\">Zden\u011bk Luk\u00e1\u0161<\/td>\n<td>&nbsp;<\/td>\n<td>SANCTUS (MISSA BREVIS)<\/td>\n<\/tr>\n<tr>\n<td style=\"text-align: right;\">Zden\u011bk Luk\u00e1\u0161<\/td>\n<td>&nbsp;<\/td>\n<td>AGNUS (MISSA BREVIS)<\/td>\n<\/tr>\n<tr>\n<td style=\"text-align: right;\">Tom Fettke<\/td>\n<td width=\"30\"><a href=\"http:\/\/www.auc.sk\/mp3\/majesty_and_glory.mp3\" class=\"broken_link\"><img loading=\"lazy\" decoding=\"async\" class=\"alignnone size-full wp-image-809 aligncenter\" src=\"http:\/\/www.auc.sk\/wordpress\/wp-content\/uploads\/2016\/11\/play.png\" alt=\"play\" width=\"15\" height=\"15\"\/><\/a>\n<\/td>\n<td>MAJESTY AND GLORY<\/td>\n<\/tr>\n<tr>\n<td style=\"text-align: right;\">Mikul\u00e1\u0161 Schneider-Trnavsk\u00fd<\/td>\n<td>&nbsp;<\/td>\n<td>JUBILATE DEO<\/td>\n<\/tr>\n<tr>\n<td style=\"text-align: right;\">Antonio Lotti<\/td>\n<td>&nbsp;<\/td>\n<td>MISERERE<\/td>\n<\/tr>\n<tr>\n<td style=\"text-align: right;\">Sergej Rachmaninov<\/td>\n<td>&nbsp;<\/td>\n<td>AVE MARIA<\/td>\n<\/tr>\n<tr>\n<td style=\"text-align: right;\">Eugen Sucho\u0148<\/td>\n<td>&nbsp;<\/td>\n<td>GENTIS FELICITAS<\/td>\n<\/tr>\n<tr>\n<td style=\"text-align: right;\">P. V. J. Ku\u010dera<\/td>\n<td>&nbsp;<\/td>\n<td>MODLITBA NA HORE OLIVOVEJ<\/td>\n<\/tr>\n<tr>\n<td style=\"text-align: right;\">anonym<\/td>\n<td>&nbsp;<\/td>\n<td>U\u017d NOC LET\u00cd<\/td>\n<\/tr>\n<tr>\n<td style=\"text-align: right;\">John Ness Beck<\/td>\n<td width=\"30\"><a href=\"http:\/\/www.auc.sk\/mp3\/lullaby.mp3\" class=\"broken_link\"><img loading=\"lazy\" decoding=\"async\" class=\"alignnone size-full wp-image-809 aligncenter\" src=\"http:\/\/www.auc.sk\/wordpress\/wp-content\/uploads\/2016\/11\/play.png\" alt=\"play\" width=\"15\" height=\"15\"\/><\/a>\n<\/td>\n<td>LULLABY<\/td>\n<\/tr>\n<tr>\n<td style=\"text-align: right;\">Mikul\u00e1\u0161 Moyzes<\/td>\n<td>&nbsp;<\/td>\n<td>DA MIHI JESU<\/td>\n<\/tr>\n<tr>\n<td style=\"text-align: right;\">\u013dudov\u00edt Rajter<\/td>\n<td width=\"30\"><a href=\"http:\/\/www.auc.sk\/mp3\/justorum_animae.mp3\" class=\"broken_link\"><img loading=\"lazy\" decoding=\"async\" class=\"alignnone size-full wp-image-809 aligncenter\" src=\"http:\/\/www.auc.sk\/wordpress\/wp-content\/uploads\/2016\/11\/play.png\" alt=\"play\" width=\"15\" height=\"15\"\/><\/a>\n<\/td>\n<td>JUSTORUM ANIMAE<\/td>\n<\/tr>\n<\/tbody>\n<\/table>\n<\/div>\n<\/div><\/div><\/div><div id=\"pgc-223-0-1\"  class=\"panel-grid-cell\" ><div id=\"panel-223-0-1-0\" class=\"so-panel widget widget_sow-image panel-first-child panel-last-child\" data-index=\"1\" ><div\n\t\t\t\n\t\t\tclass=\"so-widget-sow-image so-widget-sow-image-default-8b5b6f678277-223\"\n\t\t\t\n\t\t>\n\n<div class=\"sow-image-container\">\n\t\t<img loading=\"lazy\" decoding=\"async\" src=\"https:\/\/www.auc.sk\/wordpress\/wp-content\/uploads\/2016\/04\/obal.jpg\" width=\"153\" height=\"153\" srcset=\"https:\/\/www.auc.sk\/wordpress\/wp-content\/uploads\/2016\/04\/obal.jpg 153w, https:\/\/www.auc.sk\/wordpress\/wp-content\/uploads\/2016\/04\/obal-150x150.jpg 150w\" sizes=\"(max-width: 153px) 100vw, 153px\" alt=\"\" \t\tclass=\"so-widget-image\"\/>\n\t<\/div>\n\n<\/div><\/div><\/div><\/div><\/div>","protected":false},"excerpt":{"rendered":"<p>Oreste Ravanello &nbsp; HEAC DIES Mikul\u00e1\u0161 Schneider-Trnavsk\u00fd &nbsp; OT\u010cE N\u00c1\u0160 Anton Bruckner OS JUSTI Giovanni Pierluigi da Palestrina EXULTATE DEO Agustin Kubizek &nbsp; PREIST GOTT John Rutter &nbsp; THE LORD <a class=\"read-more\" href=\"https:\/\/www.auc.sk\/index.php\/cd-1-ad-una-corda\/\">\u010c\u00edtajte viac<\/a><\/p>\n","protected":false},"author":1,"featured_media":0,"parent":0,"menu_order":0,"comment_status":"closed","ping_status":"closed","template":"","meta":{"ngg_post_thumbnail":0,"footnotes":""},"_links":{"self":[{"href":"https:\/\/www.auc.sk\/index.php\/wp-json\/wp\/v2\/pages\/223"}],"collection":[{"href":"https:\/\/www.auc.sk\/index.php\/wp-json\/wp\/v2\/pages"}],"about":[{"href":"https:\/\/www.auc.sk\/index.php\/wp-json\/wp\/v2\/types\/page"}],"author":[{"embeddable":true,"href":"https:\/\/www.auc.sk\/index.php\/wp-json\/wp\/v2\/users\/1"}],"replies":[{"embeddable":true,"href":"https:\/\/www.auc.sk\/index.php\/wp-json\/wp\/v2\/comments?post=223"}],"version-history":[{"count":11,"href":"https:\/\/www.auc.sk\/index.php\/wp-json\/wp\/v2\/pages\/223\/revisions"}],"predecessor-version":[{"id":823,"href":"https:\/\/www.auc.sk\/index.php\/wp-json\/wp\/v2\/pages\/223\/revisions\/823"}],"wp:attachment":[{"href":"https:\/\/www.auc.sk\/index.php\/wp-json\/wp\/v2\/media?parent=223"}],"curies":[{"name":"wp","href":"https:\/\/api.w.org\/{rel}","templated":true}]}}