{"id":37,"date":"2016-04-07T14:29:37","date_gmt":"2016-04-07T12:29:37","guid":{"rendered":"http:\/\/www.auc.sk\/wordpress\/?page_id=37"},"modified":"2017-01-05T23:40:37","modified_gmt":"2017-01-05T21:40:37","slug":"kontakt","status":"publish","type":"page","link":"https:\/\/www.auc.sk\/index.php\/kontakt\/","title":{"rendered":"Kontakt"},"content":{"rendered":"<div id=\"pl-37\"  class=\"panel-layout\" ><div id=\"pg-37-0\"  class=\"panel-grid panel-no-style\" ><div id=\"pgc-37-0-0\"  class=\"panel-grid-cell\" ><div id=\"panel-37-0-0-0\" class=\"so-panel widget widget_text panel-first-child panel-last-child\" data-index=\"0\" ><h3 class=\"widget-title\">Adresa<\/h3>\t\t\t<div class=\"textwidget\"><p>Ad Una Corda<br \/>\nSNP 17<br \/>\n902 01 Pezinok<\/p>\n<\/div>\n\t\t<\/div><\/div><div id=\"pgc-37-0-1\"  class=\"panel-grid-cell\" ><div id=\"panel-37-0-1-0\" class=\"so-panel widget widget_text panel-first-child panel-last-child\" data-index=\"1\" ><h3 class=\"widget-title\">Dirigent<\/h3>\t\t\t<div class=\"textwidget\"><p>Mari\u00e1n \u0160ipo\u0161<br \/>\nadunacorda@gmail.com<\/p>\n<\/div>\n\t\t<\/div><\/div><div id=\"pgc-37-0-2\"  class=\"panel-grid-cell\" ><div id=\"panel-37-0-2-0\" class=\"so-panel widget widget_text panel-first-child panel-last-child\" data-index=\"2\" ><h3 class=\"widget-title\">Webmaster<\/h3>\t\t\t<div class=\"textwidget\"><p>Andrej Matia\u0161ovsk\u00fd<br \/>\nandrej.matiasovsky@gmail.com<\/p>\n<p>D\u00e1rius \u0160ilh\u00e1r<br \/>\ndarius.silhar@gmail.com<\/p>\n<\/div>\n\t\t<\/div><\/div><\/div><div id=\"pg-37-1\"  class=\"panel-grid panel-no-style\" ><div id=\"pgc-37-1-0\"  class=\"panel-grid-cell\" ><div id=\"panel-37-1-0-0\" class=\"so-panel widget widget_sow-editor panel-first-child panel-last-child\" data-index=\"3\" ><div\n\t\t\t\n\t\t\tclass=\"so-widget-sow-editor so-widget-sow-editor-base\"\n\t\t\t\n\t\t><h3 class=\"widget-title\">Bankov\u00e9 spojenie<\/h3>\n<div class=\"siteorigin-widget-tinymce textwidget\">\n\t<\/div>\n<\/div><\/div><\/div><div id=\"pgc-37-1-1\"  class=\"panel-grid-cell\" ><div id=\"panel-37-1-1-0\" class=\"so-panel widget widget_text panel-first-child panel-last-child\" data-index=\"4\" >\t\t\t<div class=\"textwidget\"><p>Tatra Banka<br \/>\nSK14 1100 0000 0026 2140 0129<br \/>\nI\u010cO: 356 039 76<br \/>\nDI\u010c: 2021453500<\/p>\n<\/div>\n\t\t<\/div><\/div><\/div><div id=\"pg-37-2\"  class=\"panel-grid panel-no-style\" ><div id=\"pgc-37-2-0\"  class=\"panel-grid-cell\" ><div id=\"panel-37-2-0-0\" class=\"so-panel widget widget_sow-editor panel-first-child panel-last-child\" data-index=\"5\" ><div\n\t\t\t\n\t\t\tclass=\"so-widget-sow-editor so-widget-sow-editor-base\"\n\t\t\t\n\t\t><h3 class=\"widget-title\">M\u00e9di\u00e1<\/h3>\n<div class=\"siteorigin-widget-tinymce textwidget\">\n\t<\/div>\n<\/div><\/div><\/div><div id=\"pgc-37-2-1\"  class=\"panel-grid-cell\" ><div id=\"panel-37-2-1-0\" class=\"so-panel widget widget_text panel-first-child panel-last-child\" data-index=\"6\" >\t\t\t<div class=\"textwidget\"><p><a href=\"https:\/\/www.facebook.com\/Ad-Una-Corda-71247056638\/\" target=\"_blank\" rel=\"noopener\" class=\"broken_link\">Facebook str\u00e1nka<\/a><br \/>\n<a href=\"https:\/\/www.youtube.com\/channel\/UCrMjVdFfEUBnre-Z0zB7idQ\" target=\"_blank\" rel=\"noopener\">Youtube kan\u00e1l<\/a><\/p>\n<\/div>\n\t\t<\/div><\/div><\/div><\/div>","protected":false},"excerpt":{"rendered":"<p>Ad Una Corda SNP 17 902 01 Pezinok Mari\u00e1n \u0160ipo\u0161 adunacorda@gmail.com Andrej Matia\u0161ovsk\u00fd andrej.matiasovsky@gmail.com D\u00e1rius \u0160ilh\u00e1r darius.silhar@gmail.com Tatra Banka SK14 1100 0000 0026 2140 0129 I\u010cO: 356 039 76 DI\u010c: <a class=\"read-more\" href=\"https:\/\/www.auc.sk\/index.php\/kontakt\/\">\u010c\u00edtajte viac<\/a><\/p>\n","protected":false},"author":1,"featured_media":0,"parent":0,"menu_order":0,"comment_status":"closed","ping_status":"closed","template":"","meta":{"ngg_post_thumbnail":0,"footnotes":""},"_links":{"self":[{"href":"https:\/\/www.auc.sk\/index.php\/wp-json\/wp\/v2\/pages\/37"}],"collection":[{"href":"https:\/\/www.auc.sk\/index.php\/wp-json\/wp\/v2\/pages"}],"about":[{"href":"https:\/\/www.auc.sk\/index.php\/wp-json\/wp\/v2\/types\/page"}],"author":[{"embeddable":true,"href":"https:\/\/www.auc.sk\/index.php\/wp-json\/wp\/v2\/users\/1"}],"replies":[{"embeddable":true,"href":"https:\/\/www.auc.sk\/index.php\/wp-json\/wp\/v2\/comments?post=37"}],"version-history":[{"count":32,"href":"https:\/\/www.auc.sk\/index.php\/wp-json\/wp\/v2\/pages\/37\/revisions"}],"predecessor-version":[{"id":197,"href":"https:\/\/www.auc.sk\/index.php\/wp-json\/wp\/v2\/pages\/37\/revisions\/197"}],"wp:attachment":[{"href":"https:\/\/www.auc.sk\/index.php\/wp-json\/wp\/v2\/media?parent=37"}],"curies":[{"name":"wp","href":"https:\/\/api.w.org\/{rel}","templated":true}]}}