{"id":421,"date":"2016-10-03T20:22:23","date_gmt":"2016-10-03T18:22:23","guid":{"rendered":"http:\/\/www.auc.sk\/wordpress\/?page_id=421"},"modified":"2019-01-16T20:00:16","modified_gmt":"2019-01-16T19:00:16","slug":"home","status":"publish","type":"page","link":"https:\/\/www.auc.sk\/","title":{"rendered":"Home"},"content":{"rendered":"<div id=\"pl-421\"  class=\"panel-layout\" ><div id=\"pg-421-0\"  class=\"panel-grid panel-has-style\" ><div class=\"siteorigin-panels-stretch panel-row-style panel-row-style-for-421-0\" data-stretch-type=\"full\" ><div id=\"pgc-421-0-0\"  class=\"panel-grid-cell\" ><div id=\"panel-421-0-0-0\" class=\"so-panel widget widget_sow-image panel-first-child panel-last-child\" data-index=\"0\" ><div\n\t\t\t\n\t\t\tclass=\"so-widget-sow-image so-widget-sow-image-default-8b5b6f678277-421\"\n\t\t\t\n\t\t>\n\n<div class=\"sow-image-container\">\n\t\t<img loading=\"lazy\" decoding=\"async\" src=\"https:\/\/www.auc.sk\/wordpress\/wp-content\/uploads\/2016\/10\/10398483_71247351638_1595657_n.jpg\" width=\"485\" height=\"350\" srcset=\"https:\/\/www.auc.sk\/wordpress\/wp-content\/uploads\/2016\/10\/10398483_71247351638_1595657_n.jpg 485w, https:\/\/www.auc.sk\/wordpress\/wp-content\/uploads\/2016\/10\/10398483_71247351638_1595657_n-300x216.jpg 300w\" sizes=\"(max-width: 485px) 100vw, 485px\" title=\"Site_logo\" alt=\"\" \t\tclass=\"so-widget-image\"\/>\n\t<\/div>\n\n<\/div><\/div><\/div><div id=\"pgc-421-0-1\"  class=\"panel-grid-cell\" ><div id=\"panel-421-0-1-0\" class=\"so-panel widget widget_sow-editor panel-first-child panel-last-child\" data-index=\"1\" ><div\n\t\t\t\n\t\t\tclass=\"so-widget-sow-editor so-widget-sow-editor-base\"\n\t\t\t\n\t\t><h3 class=\"widget-title\">Ad Una Corda<\/h3>\n<div class=\"siteorigin-widget-tinymce textwidget\">\n\t<p>Venujeme sa predov\u0161etk\u00fdm interpret\u00e1cii klasickej i modernej chr\u00e1movej hudby a jej spopul\u00e1rneniu. Za sebou m\u00e1me cel\u00fd rad aktiv\u00edt, najm\u00e4 koncertov, s\u00fa\u0165a\u017e\u00ed a festivalov. Koncertovali sme v 15 eur\u00f3pskych krajin\u00e1ch, USA i v Izraeli a v Kanade. Spolupracujeme aj s profesion\u00e1lnymi hudobn\u00fdmi telesami ako Symfonick\u00fd orchester Slovensk\u00e9ho rozhlasu, \u0160t\u00e1tny filharm\u00f3nia Ko\u0161ice, \u0160t\u00e1tny komorn\u00fd orchester \u017dilina, Slovensk\u00fd komorn\u00fd orchester, Musica Aeterna a Solamente Naturali. Na konci radu dirigentov, ktor\u00ed n\u00e1s formovali po cel\u00e9 desa\u0165ro\u010dia, stoj\u00ed od roku 1987 Mari\u00e1n \u0160ipo\u0161. Za svoju akt\u00edvnu \u010dinnos\u0165 sme boli v roku 2000 ocenen\u00ed Mestom Pezinok a v roku 2005 Bratislavsk\u00fdm samospr\u00e1vnym krajom.<\/p>\n<p><a href=\"http:\/\/www.auc.sk\/index.php\/o-nas\/\">\u010c\u00edtajte viac<\/a><\/p>\n<\/div>\n<\/div><\/div><\/div><\/div><\/div><div id=\"pg-421-1\"  class=\"panel-grid panel-has-style\" ><div class=\"siteorigin-panels-stretch panel-row-style panel-row-style-for-421-1\" data-stretch-type=\"full\" ><div id=\"pgc-421-1-0\"  class=\"panel-grid-cell\" ><div id=\"panel-421-1-0-0\" class=\"so-panel widget widget_sow-post-carousel panel-first-child\" data-index=\"2\" ><div\n\t\t\t\n\t\t\tclass=\"so-widget-sow-post-carousel so-widget-sow-post-carousel-base-ad93eedad001-421\"\n\t\t\t\n\t\t><\/div><\/div><div id=\"panel-421-1-0-1\" class=\"so-panel widget widget_sow-editor panel-last-child\" data-index=\"3\" ><div\n\t\t\t\n\t\t\tclass=\"so-widget-sow-editor so-widget-sow-editor-base\"\n\t\t\t\n\t\t>\n<div class=\"siteorigin-widget-tinymce textwidget\">\n\t<p><a href=\"http:\/\/www.auc.sk\/wordpress\/index.php\/events\/\">Zobrazi\u0165 cel\u00fd program<\/a><\/p>\n<\/div>\n<\/div><\/div><\/div><\/div><\/div><div id=\"pg-421-2\"  class=\"panel-grid panel-has-style\" ><div class=\"siteorigin-panels-stretch panel-row-style panel-row-style-for-421-2\" data-stretch-type=\"full\" ><div id=\"pgc-421-2-0\"  class=\"panel-grid-cell\" ><div id=\"panel-421-2-0-0\" class=\"so-panel widget widget_sow-post-carousel panel-first-child\" data-index=\"4\" ><div\n\t\t\t\n\t\t\tclass=\"so-widget-sow-post-carousel so-widget-sow-post-carousel-base-ad93eedad001-421\"\n\t\t\t\n\t\t>\t<div\n\t\tclass=\"sow-post-carousel-wrapper sow-post-carousel-theme-base\"\n\t\tstyle=\"overflow: hidden; max-width: 100%; min-height: 182px\"\n\t>\n\t\t<div class=\"sow-carousel-title has-title\">\n\t<h3 class=\"widget-title\">\u010cl\u00e1nky a novinky<\/h3>\t\t<div class=\"sow-carousel-navigation \">\n\t\t\t\t\t\t<a href=\"#\" class=\"sow-carousel-next\" title=\"Next\" aria-label=\"Next Posts\" role=\"button\"><\/a>\n\t\t\t\t\t\t<a href=\"#\" class=\"sow-carousel-previous\" title=\"Previous\" aria-label=\"Previous Posts\" role=\"button\"><\/a>\n\t\t\t\t\t<\/div>\n\t<\/div>\n\n<div class=\"sow-carousel-container \">\n\t\t<div class=\"sow-carousel-wrapper\"\n\t\tdata-dir=\"ltr\"\n\t\tstyle=\"opacity: 0;\"\n\t\tdata-widget=\"post\" data-fetching=\"false\" data-page=\"1\" data-ajax-url=\"https:\/\/www.auc.sk\/wordpress\/wp-admin\/admin-ajax.php?_widgets_nonce=6f6136dd51\" data-item_count=\"9\" data-carousel_settings=\"{&quot;loop&quot;:true,&quot;animation&quot;:&quot;ease&quot;,&quot;animation_speed&quot;:400,&quot;autoplay&quot;:&quot;&quot;,&quot;pauseOnHover&quot;:&quot;&quot;,&quot;autoplaySpeed&quot;:8000,&quot;item_overflow&quot;:true,&quot;autoplay_continuous_scroll&quot;:false}\" data-responsive=\"{&quot;desktop_slides_to_scroll&quot;:1,&quot;tablet_landscape_breakpoint&quot;:1366,&quot;tablet_landscape_slides_to_scroll&quot;:2,&quot;tablet_portrait_breakpoint&quot;:1025,&quot;tablet_portrait_slides_to_scroll&quot;:2,&quot;mobile_breakpoint&quot;:480,&quot;mobile_slides_to_scroll&quot;:1}\" data-variable_width=\"true\" \t>\n\t\t<div\n\t\t\tclass=\"sow-carousel-items\"\n\t\t\t\t\t>\n\t\t\t\t<div class=\"sow-carousel-item\" tabindex=\"-1\" style=\"float: left;\">\n\t\t<div class=\"sow-carousel-thumbnail\">\n\t\t\t\t\t\t\t<a\n\t\t\t\t\thref=\"https:\/\/www.auc.sk\/index.php\/ad-una-corda-vyhral-dve-2-miesta-na-sutazi-v-grecku\/\"\n\t\t\t\t\t\t\t\t\t\tstyle=\"background-image: url( https:\/\/www.auc.sk\/wordpress\/wp-content\/uploads\/2024\/07\/AUC-pred-sutazou-272x182.jpg )\"\n\t\t\t\t\taria-labelledby=\"sow-carousel-id-1795\"\n\t\t\t\t\ttabindex=\"-1\"\n\t\t\t\t>\n\t\t\t\t\t<span class=\"overlay\"><\/span>\n\t\t\t\t<\/a>\n\t\t\t\t\t<\/div>\n\t\t<h3 class=\"sow-carousel-item-title\">\n\t\t\t<a\n\t\t\t\thref=\"https:\/\/www.auc.sk\/index.php\/ad-una-corda-vyhral-dve-2-miesta-na-sutazi-v-grecku\/\"\n\t\t\t\tid=\"sow-carousel-id-1795\"\n\t\t\t\t\t\t\t\ttabindex=\"-1\"\n\t\t\t>\n\n\t\t\t\tAd Una Corda vyhral dve 2. miesta na s\u00fa\u0165a\u017ei v Gr\u00e9cku\t\t\t<\/a>\n\t\t<\/h3>\n\t<\/div>\n\t<div class=\"sow-carousel-item\" tabindex=\"-1\" style=\"float: left;\">\n\t\t<div class=\"sow-carousel-thumbnail\">\n\t\t\t\t\t\t\t<a\n\t\t\t\t\thref=\"https:\/\/www.auc.sk\/index.php\/zdielany-organ\/\"\n\t\t\t\t\tclass=\"sow-carousel-default-thumbnail\"\n\t\t\t\t\t\t\t\t\t\t\t\t\t\t\taria-labelledby=\"sow-carousel-id-1767\"\n\t\t\t\t\ttabindex=\"-1\"\n\t\t\t\t>\n\t\t\t\t\t<span class=\"overlay\"><\/span>\n\t\t\t\t<\/a>\n\t\t\t\t\t<\/div>\n\t\t<h3 class=\"sow-carousel-item-title\">\n\t\t\t<a\n\t\t\t\thref=\"https:\/\/www.auc.sk\/index.php\/zdielany-organ\/\"\n\t\t\t\tid=\"sow-carousel-id-1767\"\n\t\t\t\t\t\t\t\ttabindex=\"-1\"\n\t\t\t>\n\n\t\t\t\tZdie\u013ean\u00fd organ\t\t\t<\/a>\n\t\t<\/h3>\n\t<\/div>\n\t<div class=\"sow-carousel-item\" tabindex=\"-1\" style=\"float: left;\">\n\t\t<div class=\"sow-carousel-thumbnail\">\n\t\t\t\t\t\t\t<a\n\t\t\t\t\thref=\"https:\/\/www.auc.sk\/index.php\/cesty-k-sebe-2021\/\"\n\t\t\t\t\t\t\t\t\t\tstyle=\"background-image: url( https:\/\/www.auc.sk\/wordpress\/wp-content\/uploads\/2021\/02\/CkS_logo_2021-272x182.png )\"\n\t\t\t\t\taria-labelledby=\"sow-carousel-id-1628\"\n\t\t\t\t\ttabindex=\"-1\"\n\t\t\t\t>\n\t\t\t\t\t<span class=\"overlay\"><\/span>\n\t\t\t\t<\/a>\n\t\t\t\t\t<\/div>\n\t\t<h3 class=\"sow-carousel-item-title\">\n\t\t\t<a\n\t\t\t\thref=\"https:\/\/www.auc.sk\/index.php\/cesty-k-sebe-2021\/\"\n\t\t\t\tid=\"sow-carousel-id-1628\"\n\t\t\t\t\t\t\t\ttabindex=\"-1\"\n\t\t\t>\n\n\t\t\t\tCESTY K SEBE 2021 &#8211; prosba\t\t\t<\/a>\n\t\t<\/h3>\n\t<\/div>\n\t<div class=\"sow-carousel-item\" tabindex=\"-1\" style=\"float: left;\">\n\t\t<div class=\"sow-carousel-thumbnail\">\n\t\t\t\t\t\t\t<a\n\t\t\t\t\thref=\"https:\/\/www.auc.sk\/index.php\/vitazstvo-na-medzinarodnej-sutazi-v-kanade\/\"\n\t\t\t\t\t\t\t\t\t\tstyle=\"background-image: url( https:\/\/www.auc.sk\/wordpress\/wp-content\/uploads\/2018\/07\/zbor_ludovky-272x182.jpg )\"\n\t\t\t\t\taria-labelledby=\"sow-carousel-id-1338\"\n\t\t\t\t\ttabindex=\"-1\"\n\t\t\t\t>\n\t\t\t\t\t<span class=\"overlay\"><\/span>\n\t\t\t\t<\/a>\n\t\t\t\t\t<\/div>\n\t\t<h3 class=\"sow-carousel-item-title\">\n\t\t\t<a\n\t\t\t\thref=\"https:\/\/www.auc.sk\/index.php\/vitazstvo-na-medzinarodnej-sutazi-v-kanade\/\"\n\t\t\t\tid=\"sow-carousel-id-1338\"\n\t\t\t\t\t\t\t\ttabindex=\"-1\"\n\t\t\t>\n\n\t\t\t\tV\u00ed\u0165azstvo na medzin\u00e1rodnej s\u00fa\u0165a\u017ei v Kanade\t\t\t<\/a>\n\t\t<\/h3>\n\t<\/div>\n\t<div class=\"sow-carousel-item\" tabindex=\"-1\" style=\"float: left;\">\n\t\t<div class=\"sow-carousel-thumbnail\">\n\t\t\t\t\t\t\t<a\n\t\t\t\t\thref=\"https:\/\/www.auc.sk\/index.php\/beneficny-koncert-aj-s-vystavou-detskych-prac\/\"\n\t\t\t\t\t\t\t\t\t\tstyle=\"background-image: url( https:\/\/www.auc.sk\/wordpress\/wp-content\/uploads\/2018\/01\/CkS-2018-detske-prace-272x182.jpg )\"\n\t\t\t\t\taria-labelledby=\"sow-carousel-id-1294\"\n\t\t\t\t\ttabindex=\"-1\"\n\t\t\t\t>\n\t\t\t\t\t<span class=\"overlay\"><\/span>\n\t\t\t\t<\/a>\n\t\t\t\t\t<\/div>\n\t\t<h3 class=\"sow-carousel-item-title\">\n\t\t\t<a\n\t\t\t\thref=\"https:\/\/www.auc.sk\/index.php\/beneficny-koncert-aj-s-vystavou-detskych-prac\/\"\n\t\t\t\tid=\"sow-carousel-id-1294\"\n\t\t\t\t\t\t\t\ttabindex=\"-1\"\n\t\t\t>\n\n\t\t\t\tBenefi\u010dn\u00fd koncert aj s v\u00fdstavou detsk\u00fdch pr\u00e1c\t\t\t<\/a>\n\t\t<\/h3>\n\t<\/div>\n\t<div class=\"sow-carousel-item\" tabindex=\"-1\" style=\"float: left;\">\n\t\t<div class=\"sow-carousel-thumbnail\">\n\t\t\t\t\t\t\t<a\n\t\t\t\t\thref=\"https:\/\/www.auc.sk\/index.php\/zborova-fantazia\/\"\n\t\t\t\t\t\t\t\t\t\tstyle=\"background-image: url( https:\/\/www.auc.sk\/wordpress\/wp-content\/uploads\/2016\/12\/choral_fantasy-272x182.jpg )\"\n\t\t\t\t\taria-labelledby=\"sow-carousel-id-1151\"\n\t\t\t\t\ttabindex=\"-1\"\n\t\t\t\t>\n\t\t\t\t\t<span class=\"overlay\"><\/span>\n\t\t\t\t<\/a>\n\t\t\t\t\t<\/div>\n\t\t<h3 class=\"sow-carousel-item-title\">\n\t\t\t<a\n\t\t\t\thref=\"https:\/\/www.auc.sk\/index.php\/zborova-fantazia\/\"\n\t\t\t\tid=\"sow-carousel-id-1151\"\n\t\t\t\t\t\t\t\ttabindex=\"-1\"\n\t\t\t>\n\n\t\t\t\tZborov\u00e1 fant\u00e1zia\t\t\t<\/a>\n\t\t<\/h3>\n\t<\/div>\n\t<div class=\"sow-carousel-item\" tabindex=\"-1\" style=\"float: left;\">\n\t\t<div class=\"sow-carousel-thumbnail\">\n\t\t\t\t\t\t\t<a\n\t\t\t\t\thref=\"https:\/\/www.auc.sk\/index.php\/novy-termin-pre-koncert-cesty-k-sebe\/\"\n\t\t\t\t\t\t\t\t\t\tstyle=\"background-image: url( https:\/\/www.auc.sk\/wordpress\/wp-content\/uploads\/2017\/01\/cover_foto-272x182.png )\"\n\t\t\t\t\taria-labelledby=\"sow-carousel-id-1113\"\n\t\t\t\t\ttabindex=\"-1\"\n\t\t\t\t>\n\t\t\t\t\t<span class=\"overlay\"><\/span>\n\t\t\t\t<\/a>\n\t\t\t\t\t<\/div>\n\t\t<h3 class=\"sow-carousel-item-title\">\n\t\t\t<a\n\t\t\t\thref=\"https:\/\/www.auc.sk\/index.php\/novy-termin-pre-koncert-cesty-k-sebe\/\"\n\t\t\t\tid=\"sow-carousel-id-1113\"\n\t\t\t\t\t\t\t\ttabindex=\"-1\"\n\t\t\t>\n\n\t\t\t\tNov\u00fd term\u00edn pre koncert CESTY K SEBE\t\t\t<\/a>\n\t\t<\/h3>\n\t<\/div>\n\t<div class=\"sow-carousel-item\" tabindex=\"-1\" style=\"float: left;\">\n\t\t<div class=\"sow-carousel-thumbnail\">\n\t\t\t\t\t\t\t<a\n\t\t\t\t\thref=\"https:\/\/www.auc.sk\/index.php\/cesty-k-sebe\/\"\n\t\t\t\t\t\t\t\t\t\tstyle=\"background-image: url( https:\/\/www.auc.sk\/wordpress\/wp-content\/uploads\/2016\/10\/program-272x182.jpg )\"\n\t\t\t\t\taria-labelledby=\"sow-carousel-id-890\"\n\t\t\t\t\ttabindex=\"-1\"\n\t\t\t\t>\n\t\t\t\t\t<span class=\"overlay\"><\/span>\n\t\t\t\t<\/a>\n\t\t\t\t\t<\/div>\n\t\t<h3 class=\"sow-carousel-item-title\">\n\t\t\t<a\n\t\t\t\thref=\"https:\/\/www.auc.sk\/index.php\/cesty-k-sebe\/\"\n\t\t\t\tid=\"sow-carousel-id-890\"\n\t\t\t\t\t\t\t\ttabindex=\"-1\"\n\t\t\t>\n\n\t\t\t\tCESTY K\u00a0SEBE (o projekte)\t\t\t<\/a>\n\t\t<\/h3>\n\t<\/div>\n\t<div class=\"sow-carousel-item\" tabindex=\"-1\" style=\"float: left;\">\n\t\t<div class=\"sow-carousel-thumbnail\">\n\t\t\t\t\t\t\t<a\n\t\t\t\t\thref=\"https:\/\/www.auc.sk\/index.php\/150-vyrocie-vzniku-spevokolu-v-pezinku\/\"\n\t\t\t\t\t\t\t\t\t\tstyle=\"background-image: url( https:\/\/www.auc.sk\/wordpress\/wp-content\/uploads\/2016\/04\/01-272x182.jpg )\"\n\t\t\t\t\taria-labelledby=\"sow-carousel-id-888\"\n\t\t\t\t\ttabindex=\"-1\"\n\t\t\t\t>\n\t\t\t\t\t<span class=\"overlay\"><\/span>\n\t\t\t\t<\/a>\n\t\t\t\t\t<\/div>\n\t\t<h3 class=\"sow-carousel-item-title\">\n\t\t\t<a\n\t\t\t\thref=\"https:\/\/www.auc.sk\/index.php\/150-vyrocie-vzniku-spevokolu-v-pezinku\/\"\n\t\t\t\tid=\"sow-carousel-id-888\"\n\t\t\t\t\t\t\t\ttabindex=\"-1\"\n\t\t\t>\n\n\t\t\t\t150. v\u00fdro\u010die vzniku spevokolu v Pezinku\t\t\t<\/a>\n\t\t<\/h3>\n\t<\/div>\n\t\t<\/div>\n\t\t\t<\/div>\n\n\t<\/div>\n\t\t<input type=\"hidden\" name=\"instance_hash\" value=\"d344977c\"\/>\n\t<\/div>\n<\/div><\/div><div id=\"panel-421-2-0-1\" class=\"so-panel widget widget_sow-editor panel-last-child\" data-index=\"5\" ><div\n\t\t\t\n\t\t\tclass=\"so-widget-sow-editor so-widget-sow-editor-base\"\n\t\t\t\n\t\t>\n<div class=\"siteorigin-widget-tinymce textwidget\">\n\t<p><a href=\"http:\/\/www.auc.sk\/index.php\/aktuality\/\">Zobrazi\u0165 v\u0161etky \u010dl\u00e1nky<\/a><\/p>\n<\/div>\n<\/div><\/div><\/div><\/div><\/div><\/div>","protected":false},"excerpt":{"rendered":"<p>Ad Una Corda Venujeme sa predov\u0161etk\u00fdm interpret\u00e1cii klasickej i modernej chr\u00e1movej hudby a jej spopul\u00e1rneniu. Za sebou m\u00e1me cel\u00fd rad aktiv\u00edt, najm\u00e4 koncertov, s\u00fa\u0165a\u017e\u00ed a festivalov. Koncertovali sme v 15 <a class=\"read-more\" href=\"https:\/\/www.auc.sk\/index.php\/150-vyrocie-vzniku-spevokolu-v-pezinku\/\">\u010c\u00edtajte viac<\/a><\/p>\n","protected":false},"author":1,"featured_media":0,"parent":0,"menu_order":0,"comment_status":"closed","ping_status":"closed","template":"template-full-width.php","meta":{"ngg_post_thumbnail":0,"footnotes":""},"_links":{"self":[{"href":"https:\/\/www.auc.sk\/index.php\/wp-json\/wp\/v2\/pages\/421"}],"collection":[{"href":"https:\/\/www.auc.sk\/index.php\/wp-json\/wp\/v2\/pages"}],"about":[{"href":"https:\/\/www.auc.sk\/index.php\/wp-json\/wp\/v2\/types\/page"}],"author":[{"embeddable":true,"href":"https:\/\/www.auc.sk\/index.php\/wp-json\/wp\/v2\/users\/1"}],"replies":[{"embeddable":true,"href":"https:\/\/www.auc.sk\/index.php\/wp-json\/wp\/v2\/comments?post=421"}],"version-history":[{"count":44,"href":"https:\/\/www.auc.sk\/index.php\/wp-json\/wp\/v2\/pages\/421\/revisions"}],"predecessor-version":[{"id":543,"href":"https:\/\/www.auc.sk\/index.php\/wp-json\/wp\/v2\/pages\/421\/revisions\/543"}],"wp:attachment":[{"href":"https:\/\/www.auc.sk\/index.php\/wp-json\/wp\/v2\/media?parent=421"}],"curies":[{"name":"wp","href":"https:\/\/api.w.org\/{rel}","templated":true}]}}