{"id":960,"date":"2017-01-05T19:47:27","date_gmt":"2017-01-05T17:47:27","guid":{"rendered":"http:\/\/www.auc.sk\/wordpress\/?page_id=960"},"modified":"2019-07-03T16:50:45","modified_gmt":"2019-07-03T15:50:45","slug":"festivaly","status":"publish","type":"page","link":"https:\/\/www.auc.sk\/index.php\/o-nas\/aktivity\/festivaly\/","title":{"rendered":"Festivaly"},"content":{"rendered":"<p><a href=\"http:\/\/www.auc.sk\/wordpress\/wp-content\/uploads\/2017\/01\/018-Izrael-2014-1.jpg\" class=\"broken_link\"><img loading=\"lazy\" decoding=\"async\" class=\"alignnone wp-image-1031 size-full\" src=\"http:\/\/www.auc.sk\/wordpress\/wp-content\/uploads\/2017\/01\/Izrael_small.jpg\" width=\"800\" height=\"300\" srcset=\"https:\/\/www.auc.sk\/wordpress\/wp-content\/uploads\/2017\/01\/Izrael_small.jpg 800w, https:\/\/www.auc.sk\/wordpress\/wp-content\/uploads\/2017\/01\/Izrael_small-300x113.jpg 300w, https:\/\/www.auc.sk\/wordpress\/wp-content\/uploads\/2017\/01\/Izrael_small-768x288.jpg 768w\" sizes=\"(max-width: 800px) 100vw, 800px\" \/><\/a><\/p>\n<p><strong>2019<\/strong><br \/>\n<strong>Hudobn\u00e1 jar, 1. ro\u010dn\u00edk<\/strong> (Zlat\u00e9 Moravce, Slovensko)<br \/>\n<strong>Hudobn\u00e1 jar, 34. ro\u010dn\u00edk<\/strong>\u00a0 (C\u00edfer, Slovensko)<\/p>\n<p><strong>2018<\/strong><br \/>\n<strong>Medzin\u00e1rodn\u00fd zborov\u00fd festival Kathaumixw, 18. ro\u010dn\u00edk<\/strong> (Britsk\u00e1 Kolumbia, Kanada)<\/p>\n<p><em><strong>2017<\/strong><\/em><br \/>\n<strong>Festival sakr\u00e1lneho umenia Ko\u0161ice, 28. ro\u010dn\u00edk<\/strong> (Ko\u0161ice, Slovensko)<\/p>\n<p><strong><em>2016<\/em><br \/>\nBratislavsk\u00e9 hudobn\u00e9 sl\u00e1vnosti, 52. ro\u010dn\u00edk<\/strong> (Bratislava, Slovensko)<br \/>\n<strong>XXVII. Cyrilometodsk\u00e9 dni<\/strong> (Terchov\u00e1, Slovensko)<br \/>\n<strong>Musica Sacra Nitra. XXVI. Medzin\u00e1rodn\u00fd festival sakr\u00e1lnej hudby<\/strong> (Nitra, Slovensko)<br \/>\n<strong>Sborov\u00e9 sl\u00e1vnosti<\/strong> (Hradec Kr\u00e1lov\u00e9, \u010cesk\u00e1 republika)<\/p>\n<p><em><strong>2014<\/strong><\/em><br \/>\n<strong>Viano\u010dn\u00fd festival Layali Al-Milad<\/strong> (Betlehem, Palest\u00edna, Izrael)<\/p>\n<p><em><strong>2010<\/strong><\/em><br \/>\n<strong>Chr\u00e1mov\u00e1 piese\u0148<\/strong> (Zvolen, Slovensko)<\/p>\n<p><em><strong>2008<\/strong><\/em><br \/>\n<strong>Ba\u017eant Pohoda<\/strong> (Tren\u010d\u00edn, Slovensko)<br \/>\n<strong>Bratislavsk\u00e9 hudobn\u00e9 sl\u00e1vnosti<\/strong> (Bratislava, Slovensko)<\/p>\n<p><em><strong>2007<\/strong><\/em><br \/>\n<strong>Alpen-Adria-Advent<\/strong> (Graz, Rak\u00fasko)<\/p>\n<p><em><strong>2005<\/strong><\/em><br \/>\n<strong>Hudobn\u00e1 jar<\/strong> (C\u00edfer, Slovensko)<\/p>\n<p><em><strong>2003<\/strong><\/em><br \/>\n<strong>Burgenl\u00e4ndischer Advent<\/strong> (Kittse, Rak\u00fasko)<\/p>\n<p><em><strong>2002<\/strong><\/em><br \/>\n<strong>Musicae Vocalis Spiritualis<\/strong> (\u0160umperk, \u010cesk\u00e1 Republika)<br \/>\n<strong>Podzimn\u00ed festival<\/strong> (Mlad\u00e1 Boleslav, \u010cesk\u00e1 Republika)<\/p>\n<p><em><strong>2001<\/strong><\/em><br \/>\n<strong>T\u00fd\u017ede\u0148 Pezinka<\/strong> (Mosonmagyar\u00f3v\u00e1r, Ma\u010farsko)<br \/>\n<strong>Burgenl\u00e4ndischer Advent<\/strong> (Kittse, Rak\u00fasko)<\/p>\n<p><em><strong>2000<\/strong><\/em><br \/>\n<strong>Zjazd Ch\u00f3r\u00f3w<\/strong> <strong>Srodkowej Europy<\/strong> (Katowice, Po\u013esko)<br \/>\n<strong>T\u00fd\u017ede\u0148 Pezinka<\/strong> (Neusiedl am See, Rak\u00fasko)<br \/>\n<strong>Dni mesta Pezinok<\/strong> (Mlad\u00e1 Boleslav, \u010cesk\u00e1 Republika)<br \/>\n<strong>Burgenl\u00e4ndischer Advent<\/strong> (Kittse, Rak\u00fasko)<\/p>\n<p><em><strong>1999<\/strong><\/em><br \/>\n<strong>Prehliadka spev\u00e1ckych zborov<\/strong> (Vajnory, Slovensko)<br \/>\n<strong>Prehliadka spev\u00e1ckych zborov<\/strong> (Sv. Jur, Slovensko)<br \/>\n<strong>Festival sakr\u00e1lneho umenia<\/strong> (Ko\u0161ice, Slovensko)<br \/>\n<strong>Zborov\u00e9 dni<\/strong> (Bratislava, Slovensko)<\/p>\n<p><em><strong>1998<\/strong><\/em><br \/>\n<strong>Festival sakr\u00e1lneho umenia<\/strong> (Ko\u0161ice, Slovensko)<\/p>\n<p><strong><em>1997<\/em><br \/>\nZabrza\u0144skie spotkania ch\u00f3ralne<\/strong> (Zabrze, Po\u013esko)<br \/>\n<strong>Magnificat<\/strong> (\u010cadca, Slovensko)<\/p>\n<p><em><strong>1995<\/strong><\/em><br \/>\n<strong>Corale Internazionale di Polifonia<\/strong> (Marcellina, Taliansko)<\/p>\n<p><em><strong>1991<\/strong><\/em><br \/>\n<strong>Prehliadka spev\u00e1ckych zborov<\/strong> (Modra, Slovensko)<\/p>\n","protected":false},"excerpt":{"rendered":"<p>2019 Hudobn\u00e1 jar, 1. ro\u010dn\u00edk (Zlat\u00e9 Moravce, Slovensko) Hudobn\u00e1 jar, 34. ro\u010dn\u00edk\u00a0 (C\u00edfer, Slovensko) 2018 Medzin\u00e1rodn\u00fd zborov\u00fd festival Kathaumixw, 18. ro\u010dn\u00edk (Britsk\u00e1 Kolumbia, Kanada) 2017 Festival sakr\u00e1lneho umenia Ko\u0161ice, 28. <a class=\"read-more\" href=\"https:\/\/www.auc.sk\/index.php\/o-nas\/aktivity\/festivaly\/\">\u010c\u00edtajte viac<\/a><\/p>\n","protected":false},"author":1,"featured_media":0,"parent":25,"menu_order":0,"comment_status":"closed","ping_status":"closed","template":"","meta":{"ngg_post_thumbnail":0,"footnotes":""},"_links":{"self":[{"href":"https:\/\/www.auc.sk\/index.php\/wp-json\/wp\/v2\/pages\/960"}],"collection":[{"href":"https:\/\/www.auc.sk\/index.php\/wp-json\/wp\/v2\/pages"}],"about":[{"href":"https:\/\/www.auc.sk\/index.php\/wp-json\/wp\/v2\/types\/page"}],"author":[{"embeddable":true,"href":"https:\/\/www.auc.sk\/index.php\/wp-json\/wp\/v2\/users\/1"}],"replies":[{"embeddable":true,"href":"https:\/\/www.auc.sk\/index.php\/wp-json\/wp\/v2\/comments?post=960"}],"version-history":[{"count":14,"href":"https:\/\/www.auc.sk\/index.php\/wp-json\/wp\/v2\/pages\/960\/revisions"}],"predecessor-version":[{"id":1556,"href":"https:\/\/www.auc.sk\/index.php\/wp-json\/wp\/v2\/pages\/960\/revisions\/1556"}],"up":[{"embeddable":true,"href":"https:\/\/www.auc.sk\/index.php\/wp-json\/wp\/v2\/pages\/25"}],"wp:attachment":[{"href":"https:\/\/www.auc.sk\/index.php\/wp-json\/wp\/v2\/media?parent=960"}],"curies":[{"name":"wp","href":"https:\/\/api.w.org\/{rel}","templated":true}]}}