{"id":999,"date":"2017-01-06T11:49:56","date_gmt":"2017-01-06T09:49:56","guid":{"rendered":"http:\/\/www.auc.sk\/wordpress\/?page_id=999"},"modified":"2017-01-06T11:49:56","modified_gmt":"2017-01-06T09:49:56","slug":"vianocne-koledovanie","status":"publish","type":"page","link":"https:\/\/www.auc.sk\/index.php\/fotogaleria\/2011-sucasnost\/vianocne-koledovanie\/","title":{"rendered":"Viano\u010dn\u00e9 koledovanie"},"content":{"rendered":"<p>Koledovanie po\u010das viano\u010dn\u00fdch sviatkov, na fotografi\u00e1ch od roku 1999 do 2016<\/p>\nngg_shortcode_0_placeholder\n","protected":false},"excerpt":{"rendered":"<p>Koledovanie po\u010das viano\u010dn\u00fdch sviatkov, na fotografi\u00e1ch od roku 1999 do 2016 &#8220; order_by=&#8220;sortorder&#8220; order_direction=&#8220;ASC&#8220; returns=&#8220;included&#8220; maximum_entity_count=&#8220;500&#8243;]<\/p>\n","protected":false},"author":1,"featured_media":0,"parent":349,"menu_order":0,"comment_status":"closed","ping_status":"closed","template":"","meta":{"ngg_post_thumbnail":0,"footnotes":""},"_links":{"self":[{"href":"https:\/\/www.auc.sk\/index.php\/wp-json\/wp\/v2\/pages\/999"}],"collection":[{"href":"https:\/\/www.auc.sk\/index.php\/wp-json\/wp\/v2\/pages"}],"about":[{"href":"https:\/\/www.auc.sk\/index.php\/wp-json\/wp\/v2\/types\/page"}],"author":[{"embeddable":true,"href":"https:\/\/www.auc.sk\/index.php\/wp-json\/wp\/v2\/users\/1"}],"replies":[{"embeddable":true,"href":"https:\/\/www.auc.sk\/index.php\/wp-json\/wp\/v2\/comments?post=999"}],"version-history":[{"count":1,"href":"https:\/\/www.auc.sk\/index.php\/wp-json\/wp\/v2\/pages\/999\/revisions"}],"predecessor-version":[{"id":1000,"href":"https:\/\/www.auc.sk\/index.php\/wp-json\/wp\/v2\/pages\/999\/revisions\/1000"}],"up":[{"embeddable":true,"href":"https:\/\/www.auc.sk\/index.php\/wp-json\/wp\/v2\/pages\/349"}],"wp:attachment":[{"href":"https:\/\/www.auc.sk\/index.php\/wp-json\/wp\/v2\/media?parent=999"}],"curies":[{"name":"wp","href":"https:\/\/api.w.org\/{rel}","templated":true}]}}